{"id":1134,"date":"2020-01-14T08:13:02","date_gmt":"2020-01-14T13:13:02","guid":{"rendered":"https:\/\/niagara.turnbull.co\/?page_id=1134"},"modified":"2025-07-16T07:47:49","modified_gmt":"2025-07-16T11:47:49","slug":"admissibilite-financiere","status":"publish","type":"page","link":"https:\/\/devel.niagaracommunitylegalclinic.com\/fr\/qui-nous-sommes\/admissibilite-financiere\/","title":{"rendered":"Admissibilit\u00e9 financi\u00e8re"},"content":{"rendered":"\n<p>Nous pouvons vous aider que si vous disposez d\u2019un faible revenu. Toutefois, nous pouvons vous fournir des conseils sommaires m\u00eame si vos revenus sont sup\u00e9rieurs \u00e0 nos plafonds, alors appelez-nous.<\/p>\n<p>Si votre principale source de revenus est l\u2019une des suivantes, vous remplissez les conditions financi\u00e8res pour b\u00e9n\u00e9ficier de nos services\u00a0:<\/p>\n<ul>\n<li>Ontario au travail;<\/li>\n<li>Programme ontarien de soutien aux personnes handicap\u00e9es;<\/li>\n<li>S\u00e9curit\u00e9 de la vieillesse avec Suppl\u00e9ment de revenu garanti;<\/li>\n<li>Allocation aux anciens combattants;<\/li>\n<li>R\u00e9gime de pensions du Canada (dans le cas d\u2019une demande de prestations du R\u00e9gime de pensions du Canada lorsque celui-ci est la principale source de revenus de la famille);<\/li>\n<li>les prestations de la Commission de la s\u00e9curit\u00e9 professionnelle et de l\u2019assurance contre les accidents du travail qui sont temporaires ou menac\u00e9es.<\/li>\n<\/ul>\n<p>L\u2019admissibilit\u00e9 financi\u00e8re est principalement bas\u00e9e sur la taille et le revenu de la famille. L\u2019admissibilit\u00e9 d\u00e9pend \u00e9galement des actifs que vous poss\u00e9dez.<\/p>\n<p>Il faut tenir compte de certains facteurs discr\u00e9tionnaires. Par exemple, un c\u00e9libataire sans enfant, b\u00e9n\u00e9ficiant des facteurs discr\u00e9tionnaires maximaux, pourrait avoir un revenu allant jusqu\u2019\u00e0 21\u2009144\u00a0$ par an. Un parent c\u00e9libataire avec deux enfants, b\u00e9n\u00e9ficiant des facteurs discr\u00e9tionnaires maximaux, pourrait avoir un revenu allant jusqu\u2019\u00e0 39\u2009143\u00a0$ par an.<\/p>\n","protected":false},"excerpt":{"rendered":"<p>Nous pouvons vous aider que si vous disposez d\u2019un faible revenu. Toutefois, nous pouvons vous fournir des conseils sommaires m\u00eame si vos revenus sont sup\u00e9rieurs \u00e0 nos plafonds, alors appelez-nous.<br \/>\nSi votre principale source de revenus est l\u2019une des suivantes, vous remplissez les conditions financi\u00e8res pour b\u00e9n\u00e9ficier de nos services\u00a0:<\/p>\n<p>Ontario au travail;<\/p>\n","protected":false},"author":2,"featured_media":0,"parent":1120,"menu_order":0,"comment_status":"closed","ping_status":"closed","template":"","meta":{"_bbp_topic_count":0,"_bbp_reply_count":0,"_bbp_total_topic_count":0,"_bbp_total_reply_count":0,"_bbp_voice_count":0,"_bbp_anonymous_reply_count":0,"_bbp_topic_count_hidden":0,"_bbp_reply_count_hidden":0,"_bbp_forum_subforum_count":0,"footnotes":""},"class_list":["post-1134","page","type-page","status-publish","hentry"],"yoast_head":"<!-- This site is optimized with the Yoast SEO plugin v24.3 - https:\/\/yoast.com\/wordpress\/plugins\/seo\/ -->\n<title>Admissibilit\u00e9 financi\u00e8re - Niagara Community Legal Clinic - Clinique juridique communautaire de Niagara<\/title>\n<meta name=\"robots\" content=\"noindex, follow, max-snippet:-1, max-image-preview:large, max-video-preview:-1\" \/>\n<meta property=\"og:locale\" content=\"fr_FR\" \/>\n<meta property=\"og:type\" content=\"article\" \/>\n<meta property=\"og:title\" content=\"Admissibilit\u00e9 financi\u00e8re - Niagara Community Legal Clinic - Clinique juridique communautaire de Niagara\" \/>\n<meta property=\"og:description\" content=\"Nous pouvons vous aider que si vous disposez d\u2019un faible revenu. Toutefois, nous pouvons vous fournir des conseils sommaires m\u00eame si vos revenus sont sup\u00e9rieurs \u00e0 nos plafonds, alors appelez-nous. Si votre principale source de revenus est l\u2019une des suivantes, vous remplissez les conditions financi\u00e8res pour b\u00e9n\u00e9ficier de nos services\u00a0: Ontario au travail;\" \/>\n<meta property=\"og:url\" content=\"https:\/\/devel.niagaracommunitylegalclinic.com\/fr\/qui-nous-sommes\/admissibilite-financiere\/\" \/>\n<meta property=\"og:site_name\" content=\"Niagara Community Legal Clinic - Clinique juridique communautaire de Niagara\" \/>\n<meta property=\"article:modified_time\" content=\"2025-07-16T11:47:49+00:00\" \/>\n<meta name=\"twitter:card\" content=\"summary_large_image\" \/>\n<meta name=\"twitter:label1\" content=\"Dur\u00e9e de lecture estim\u00e9e\" \/>\n\t<meta name=\"twitter:data1\" content=\"1 minute\" \/>\n<script type=\"application\/ld+json\" class=\"yoast-schema-graph\">{\"@context\":\"https:\/\/schema.org\",\"@graph\":[{\"@type\":\"WebPage\",\"@id\":\"https:\/\/devel.niagaracommunitylegalclinic.com\/fr\/qui-nous-sommes\/admissibilite-financiere\/\",\"url\":\"https:\/\/devel.niagaracommunitylegalclinic.com\/fr\/qui-nous-sommes\/admissibilite-financiere\/\",\"name\":\"Admissibilit\u00e9 financi\u00e8re - Niagara Community Legal Clinic - Clinique juridique communautaire de Niagara\",\"isPartOf\":{\"@id\":\"https:\/\/devel.niagaracommunitylegalclinic.com\/#website\"},\"datePublished\":\"2020-01-14T13:13:02+00:00\",\"dateModified\":\"2025-07-16T11:47:49+00:00\",\"breadcrumb\":{\"@id\":\"https:\/\/devel.niagaracommunitylegalclinic.com\/fr\/qui-nous-sommes\/admissibilite-financiere\/#breadcrumb\"},\"inLanguage\":\"fr-FR\",\"potentialAction\":[{\"@type\":\"ReadAction\",\"target\":[\"https:\/\/devel.niagaracommunitylegalclinic.com\/fr\/qui-nous-sommes\/admissibilite-financiere\/\"]}]},{\"@type\":\"BreadcrumbList\",\"@id\":\"https:\/\/devel.niagaracommunitylegalclinic.com\/fr\/qui-nous-sommes\/admissibilite-financiere\/#breadcrumb\",\"itemListElement\":[{\"@type\":\"ListItem\",\"position\":1,\"name\":\"Home\",\"item\":\"https:\/\/devel.niagaracommunitylegalclinic.com\/fr\/\"},{\"@type\":\"ListItem\",\"position\":2,\"name\":\"\u00c0 propos de notre clinique juridique\",\"item\":\"https:\/\/devel.niagaracommunitylegalclinic.com\/fr\/qui-nous-sommes\/\"},{\"@type\":\"ListItem\",\"position\":3,\"name\":\"Admissibilit\u00e9 financi\u00e8re\"}]},{\"@type\":\"WebSite\",\"@id\":\"https:\/\/devel.niagaracommunitylegalclinic.com\/#website\",\"url\":\"https:\/\/devel.niagaracommunitylegalclinic.com\/\",\"name\":\"CEO All Clinics\",\"description\":\"\",\"potentialAction\":[{\"@type\":\"SearchAction\",\"target\":{\"@type\":\"EntryPoint\",\"urlTemplate\":\"https:\/\/devel.niagaracommunitylegalclinic.com\/?s={search_term_string}\"},\"query-input\":{\"@type\":\"PropertyValueSpecification\",\"valueRequired\":true,\"valueName\":\"search_term_string\"}}],\"inLanguage\":\"fr-FR\"}]}<\/script>\n<!-- \/ Yoast SEO plugin. -->","yoast_head_json":{"title":"Admissibilit\u00e9 financi\u00e8re - Niagara Community Legal Clinic - Clinique juridique communautaire de Niagara","robots":{"index":"noindex","follow":"follow","max-snippet":"max-snippet:-1","max-image-preview":"max-image-preview:large","max-video-preview":"max-video-preview:-1"},"og_locale":"fr_FR","og_type":"article","og_title":"Admissibilit\u00e9 financi\u00e8re - Niagara Community Legal Clinic - Clinique juridique communautaire de Niagara","og_description":"Nous pouvons vous aider que si vous disposez d\u2019un faible revenu. Toutefois, nous pouvons vous fournir des conseils sommaires m\u00eame si vos revenus sont sup\u00e9rieurs \u00e0 nos plafonds, alors appelez-nous. Si votre principale source de revenus est l\u2019une des suivantes, vous remplissez les conditions financi\u00e8res pour b\u00e9n\u00e9ficier de nos services\u00a0: Ontario au travail;","og_url":"https:\/\/devel.niagaracommunitylegalclinic.com\/fr\/qui-nous-sommes\/admissibilite-financiere\/","og_site_name":"Niagara Community Legal Clinic - Clinique juridique communautaire de Niagara","article_modified_time":"2025-07-16T11:47:49+00:00","twitter_card":"summary_large_image","twitter_misc":{"Dur\u00e9e de lecture estim\u00e9e":"1 minute"},"schema":{"@context":"https:\/\/schema.org","@graph":[{"@type":"WebPage","@id":"https:\/\/devel.niagaracommunitylegalclinic.com\/fr\/qui-nous-sommes\/admissibilite-financiere\/","url":"https:\/\/devel.niagaracommunitylegalclinic.com\/fr\/qui-nous-sommes\/admissibilite-financiere\/","name":"Admissibilit\u00e9 financi\u00e8re - Niagara Community Legal Clinic - Clinique juridique communautaire de Niagara","isPartOf":{"@id":"https:\/\/devel.niagaracommunitylegalclinic.com\/#website"},"datePublished":"2020-01-14T13:13:02+00:00","dateModified":"2025-07-16T11:47:49+00:00","breadcrumb":{"@id":"https:\/\/devel.niagaracommunitylegalclinic.com\/fr\/qui-nous-sommes\/admissibilite-financiere\/#breadcrumb"},"inLanguage":"fr-FR","potentialAction":[{"@type":"ReadAction","target":["https:\/\/devel.niagaracommunitylegalclinic.com\/fr\/qui-nous-sommes\/admissibilite-financiere\/"]}]},{"@type":"BreadcrumbList","@id":"https:\/\/devel.niagaracommunitylegalclinic.com\/fr\/qui-nous-sommes\/admissibilite-financiere\/#breadcrumb","itemListElement":[{"@type":"ListItem","position":1,"name":"Home","item":"https:\/\/devel.niagaracommunitylegalclinic.com\/fr\/"},{"@type":"ListItem","position":2,"name":"\u00c0 propos de notre clinique juridique","item":"https:\/\/devel.niagaracommunitylegalclinic.com\/fr\/qui-nous-sommes\/"},{"@type":"ListItem","position":3,"name":"Admissibilit\u00e9 financi\u00e8re"}]},{"@type":"WebSite","@id":"https:\/\/devel.niagaracommunitylegalclinic.com\/#website","url":"https:\/\/devel.niagaracommunitylegalclinic.com\/","name":"CEO All Clinics","description":"","potentialAction":[{"@type":"SearchAction","target":{"@type":"EntryPoint","urlTemplate":"https:\/\/devel.niagaracommunitylegalclinic.com\/?s={search_term_string}"},"query-input":{"@type":"PropertyValueSpecification","valueRequired":true,"valueName":"search_term_string"}}],"inLanguage":"fr-FR"}]}},"_links":{"self":[{"href":"https:\/\/devel.niagaracommunitylegalclinic.com\/fr\/wp-json\/wp\/v2\/pages\/1134","targetHints":{"allow":["GET"]}}],"collection":[{"href":"https:\/\/devel.niagaracommunitylegalclinic.com\/fr\/wp-json\/wp\/v2\/pages"}],"about":[{"href":"https:\/\/devel.niagaracommunitylegalclinic.com\/fr\/wp-json\/wp\/v2\/types\/page"}],"author":[{"embeddable":true,"href":"https:\/\/devel.niagaracommunitylegalclinic.com\/fr\/wp-json\/wp\/v2\/users\/2"}],"replies":[{"embeddable":true,"href":"https:\/\/devel.niagaracommunitylegalclinic.com\/fr\/wp-json\/wp\/v2\/comments?post=1134"}],"version-history":[{"count":2,"href":"https:\/\/devel.niagaracommunitylegalclinic.com\/fr\/wp-json\/wp\/v2\/pages\/1134\/revisions"}],"predecessor-version":[{"id":1596,"href":"https:\/\/devel.niagaracommunitylegalclinic.com\/fr\/wp-json\/wp\/v2\/pages\/1134\/revisions\/1596"}],"up":[{"embeddable":true,"href":"https:\/\/devel.niagaracommunitylegalclinic.com\/fr\/wp-json\/wp\/v2\/pages\/1120"}],"wp:attachment":[{"href":"https:\/\/devel.niagaracommunitylegalclinic.com\/fr\/wp-json\/wp\/v2\/media?parent=1134"}],"curies":[{"name":"wp","href":"https:\/\/api.w.org\/{rel}","templated":true}]}}