{"id":1242,"date":"2020-01-15T05:21:26","date_gmt":"2020-01-15T10:21:26","guid":{"rendered":"https:\/\/niagara.turnbull.co\/?page_id=1242"},"modified":"2025-06-09T06:59:43","modified_gmt":"2025-06-09T10:59:43","slug":"bureaux-satellites","status":"publish","type":"page","link":"https:\/\/devel.niagaracommunitylegalclinic.com\/fr\/communiquez-avec-nous\/bureaux-satellites\/","title":{"rendered":"Bureaux satellites"},"content":{"rendered":"\n<p><strong>Vous pouvez prendre rendez-vous dans ces bureaux en t\u00e9l\u00e9phonant \u00e0 notre ligne principale au <a href=\"tel:9056826635\"><strong>905\u00a0682\u20116635<\/strong><\/a>.<br \/><\/strong>Veuillez laisser un message comportant votre nom et votre num\u00e9ro de t\u00e9l\u00e9phone et nous communiquerons avec vous d\u00e8s que possible afin d\u2019organiser un rendez-vous en personne ou par t\u00e9l\u00e9phone avec un membre de notre personnel des services juridiques.<\/p>\n","protected":false},"excerpt":{"rendered":"<p>Vous pouvez prendre rendez-vous dans ces bureaux en t\u00e9l\u00e9phonant \u00e0 notre ligne principale au <a href=\"tel:9056826635\">905\u00a0682\u20116635<\/a>.<br \/>Veuillez laisser un message comportant votre nom et votre num\u00e9ro de t\u00e9l\u00e9phone et nous communiquerons avec vous d\u00e8s que possible afin d\u2019organiser un rendez-vous en personne ou par t\u00e9l\u00e9phone avec un membre de notre personnel des services juridiques.<\/p>\n","protected":false},"author":2,"featured_media":0,"parent":1144,"menu_order":0,"comment_status":"closed","ping_status":"closed","template":"template-contact.php","meta":{"_bbp_topic_count":0,"_bbp_reply_count":0,"_bbp_total_topic_count":0,"_bbp_total_reply_count":0,"_bbp_voice_count":0,"_bbp_anonymous_reply_count":0,"_bbp_topic_count_hidden":0,"_bbp_reply_count_hidden":0,"_bbp_forum_subforum_count":0,"footnotes":""},"class_list":["post-1242","page","type-page","status-publish","hentry"],"yoast_head":"<!-- This site is optimized with the Yoast SEO plugin v24.3 - https:\/\/yoast.com\/wordpress\/plugins\/seo\/ -->\n<title>Bureaux satellites - Niagara Community Legal Clinic - Clinique juridique communautaire de Niagara<\/title>\n<meta name=\"robots\" content=\"noindex, follow, max-snippet:-1, max-image-preview:large, max-video-preview:-1\" \/>\n<meta property=\"og:locale\" content=\"fr_FR\" \/>\n<meta property=\"og:type\" content=\"article\" \/>\n<meta property=\"og:title\" content=\"Bureaux satellites - Niagara Community Legal Clinic - Clinique juridique communautaire de Niagara\" \/>\n<meta property=\"og:description\" content=\"Vous pouvez prendre rendez-vous dans ces bureaux en t\u00e9l\u00e9phonant \u00e0 notre ligne principale au 905\u00a0682\u20116635.Veuillez laisser un message comportant votre nom et votre num\u00e9ro de t\u00e9l\u00e9phone et nous communiquerons avec vous d\u00e8s que possible afin d\u2019organiser un rendez-vous en personne ou par t\u00e9l\u00e9phone avec un membre de notre personnel des services juridiques.\" \/>\n<meta property=\"og:url\" content=\"https:\/\/devel.niagaracommunitylegalclinic.com\/fr\/communiquez-avec-nous\/bureaux-satellites\/\" \/>\n<meta property=\"og:site_name\" content=\"Niagara Community Legal Clinic - Clinique juridique communautaire de Niagara\" \/>\n<meta property=\"article:modified_time\" content=\"2025-06-09T10:59:43+00:00\" \/>\n<meta name=\"twitter:card\" content=\"summary_large_image\" \/>\n<meta name=\"twitter:label1\" content=\"Dur\u00e9e de lecture estim\u00e9e\" \/>\n\t<meta name=\"twitter:data1\" content=\"1 minute\" \/>\n<script type=\"application\/ld+json\" class=\"yoast-schema-graph\">{\"@context\":\"https:\/\/schema.org\",\"@graph\":[{\"@type\":\"WebPage\",\"@id\":\"https:\/\/devel.niagaracommunitylegalclinic.com\/fr\/communiquez-avec-nous\/bureaux-satellites\/\",\"url\":\"https:\/\/devel.niagaracommunitylegalclinic.com\/fr\/communiquez-avec-nous\/bureaux-satellites\/\",\"name\":\"Bureaux satellites - Niagara Community Legal Clinic - Clinique juridique communautaire de Niagara\",\"isPartOf\":{\"@id\":\"https:\/\/devel.niagaracommunitylegalclinic.com\/#website\"},\"datePublished\":\"2020-01-15T10:21:26+00:00\",\"dateModified\":\"2025-06-09T10:59:43+00:00\",\"breadcrumb\":{\"@id\":\"https:\/\/devel.niagaracommunitylegalclinic.com\/fr\/communiquez-avec-nous\/bureaux-satellites\/#breadcrumb\"},\"inLanguage\":\"fr-FR\",\"potentialAction\":[{\"@type\":\"ReadAction\",\"target\":[\"https:\/\/devel.niagaracommunitylegalclinic.com\/fr\/communiquez-avec-nous\/bureaux-satellites\/\"]}]},{\"@type\":\"BreadcrumbList\",\"@id\":\"https:\/\/devel.niagaracommunitylegalclinic.com\/fr\/communiquez-avec-nous\/bureaux-satellites\/#breadcrumb\",\"itemListElement\":[{\"@type\":\"ListItem\",\"position\":1,\"name\":\"Home\",\"item\":\"https:\/\/devel.niagaracommunitylegalclinic.com\/fr\/\"},{\"@type\":\"ListItem\",\"position\":2,\"name\":\"Communiquez avec nous\",\"item\":\"https:\/\/devel.niagaracommunitylegalclinic.com\/fr\/communiquez-avec-nous\/\"},{\"@type\":\"ListItem\",\"position\":3,\"name\":\"Bureaux satellites\"}]},{\"@type\":\"WebSite\",\"@id\":\"https:\/\/devel.niagaracommunitylegalclinic.com\/#website\",\"url\":\"https:\/\/devel.niagaracommunitylegalclinic.com\/\",\"name\":\"CEO All Clinics\",\"description\":\"\",\"potentialAction\":[{\"@type\":\"SearchAction\",\"target\":{\"@type\":\"EntryPoint\",\"urlTemplate\":\"https:\/\/devel.niagaracommunitylegalclinic.com\/?s={search_term_string}\"},\"query-input\":{\"@type\":\"PropertyValueSpecification\",\"valueRequired\":true,\"valueName\":\"search_term_string\"}}],\"inLanguage\":\"fr-FR\"}]}<\/script>\n<!-- \/ Yoast SEO plugin. -->","yoast_head_json":{"title":"Bureaux satellites - Niagara Community Legal Clinic - Clinique juridique communautaire de Niagara","robots":{"index":"noindex","follow":"follow","max-snippet":"max-snippet:-1","max-image-preview":"max-image-preview:large","max-video-preview":"max-video-preview:-1"},"og_locale":"fr_FR","og_type":"article","og_title":"Bureaux satellites - Niagara Community Legal Clinic - Clinique juridique communautaire de Niagara","og_description":"Vous pouvez prendre rendez-vous dans ces bureaux en t\u00e9l\u00e9phonant \u00e0 notre ligne principale au 905\u00a0682\u20116635.Veuillez laisser un message comportant votre nom et votre num\u00e9ro de t\u00e9l\u00e9phone et nous communiquerons avec vous d\u00e8s que possible afin d\u2019organiser un rendez-vous en personne ou par t\u00e9l\u00e9phone avec un membre de notre personnel des services juridiques.","og_url":"https:\/\/devel.niagaracommunitylegalclinic.com\/fr\/communiquez-avec-nous\/bureaux-satellites\/","og_site_name":"Niagara Community Legal Clinic - Clinique juridique communautaire de Niagara","article_modified_time":"2025-06-09T10:59:43+00:00","twitter_card":"summary_large_image","twitter_misc":{"Dur\u00e9e de lecture estim\u00e9e":"1 minute"},"schema":{"@context":"https:\/\/schema.org","@graph":[{"@type":"WebPage","@id":"https:\/\/devel.niagaracommunitylegalclinic.com\/fr\/communiquez-avec-nous\/bureaux-satellites\/","url":"https:\/\/devel.niagaracommunitylegalclinic.com\/fr\/communiquez-avec-nous\/bureaux-satellites\/","name":"Bureaux satellites - Niagara Community Legal Clinic - Clinique juridique communautaire de Niagara","isPartOf":{"@id":"https:\/\/devel.niagaracommunitylegalclinic.com\/#website"},"datePublished":"2020-01-15T10:21:26+00:00","dateModified":"2025-06-09T10:59:43+00:00","breadcrumb":{"@id":"https:\/\/devel.niagaracommunitylegalclinic.com\/fr\/communiquez-avec-nous\/bureaux-satellites\/#breadcrumb"},"inLanguage":"fr-FR","potentialAction":[{"@type":"ReadAction","target":["https:\/\/devel.niagaracommunitylegalclinic.com\/fr\/communiquez-avec-nous\/bureaux-satellites\/"]}]},{"@type":"BreadcrumbList","@id":"https:\/\/devel.niagaracommunitylegalclinic.com\/fr\/communiquez-avec-nous\/bureaux-satellites\/#breadcrumb","itemListElement":[{"@type":"ListItem","position":1,"name":"Home","item":"https:\/\/devel.niagaracommunitylegalclinic.com\/fr\/"},{"@type":"ListItem","position":2,"name":"Communiquez avec nous","item":"https:\/\/devel.niagaracommunitylegalclinic.com\/fr\/communiquez-avec-nous\/"},{"@type":"ListItem","position":3,"name":"Bureaux satellites"}]},{"@type":"WebSite","@id":"https:\/\/devel.niagaracommunitylegalclinic.com\/#website","url":"https:\/\/devel.niagaracommunitylegalclinic.com\/","name":"CEO All Clinics","description":"","potentialAction":[{"@type":"SearchAction","target":{"@type":"EntryPoint","urlTemplate":"https:\/\/devel.niagaracommunitylegalclinic.com\/?s={search_term_string}"},"query-input":{"@type":"PropertyValueSpecification","valueRequired":true,"valueName":"search_term_string"}}],"inLanguage":"fr-FR"}]}},"_links":{"self":[{"href":"https:\/\/devel.niagaracommunitylegalclinic.com\/fr\/wp-json\/wp\/v2\/pages\/1242","targetHints":{"allow":["GET"]}}],"collection":[{"href":"https:\/\/devel.niagaracommunitylegalclinic.com\/fr\/wp-json\/wp\/v2\/pages"}],"about":[{"href":"https:\/\/devel.niagaracommunitylegalclinic.com\/fr\/wp-json\/wp\/v2\/types\/page"}],"author":[{"embeddable":true,"href":"https:\/\/devel.niagaracommunitylegalclinic.com\/fr\/wp-json\/wp\/v2\/users\/2"}],"replies":[{"embeddable":true,"href":"https:\/\/devel.niagaracommunitylegalclinic.com\/fr\/wp-json\/wp\/v2\/comments?post=1242"}],"version-history":[{"count":5,"href":"https:\/\/devel.niagaracommunitylegalclinic.com\/fr\/wp-json\/wp\/v2\/pages\/1242\/revisions"}],"predecessor-version":[{"id":1393,"href":"https:\/\/devel.niagaracommunitylegalclinic.com\/fr\/wp-json\/wp\/v2\/pages\/1242\/revisions\/1393"}],"up":[{"embeddable":true,"href":"https:\/\/devel.niagaracommunitylegalclinic.com\/fr\/wp-json\/wp\/v2\/pages\/1144"}],"wp:attachment":[{"href":"https:\/\/devel.niagaracommunitylegalclinic.com\/fr\/wp-json\/wp\/v2\/media?parent=1242"}],"curies":[{"name":"wp","href":"https:\/\/api.w.org\/{rel}","templated":true}]}}