{"id":1505,"date":"2024-07-31T09:42:23","date_gmt":"2024-07-31T13:42:23","guid":{"rendered":"https:\/\/www.niagaracommunitylegalclinic.com\/?page_id=1505"},"modified":"2025-07-16T07:55:30","modified_gmt":"2025-07-16T11:55:30","slug":"araod","status":"publish","type":"page","link":"https:\/\/devel.niagaracommunitylegalclinic.com\/fr\/justice-communautaire\/araod\/","title":{"rendered":"Anti-racisme, anti-oppression et d\u00e9colonisation"},"content":{"rendered":"\n<p>La Clinique juridique communautaire de Niagara adopte une approche anti-raciste, anti-oppressante et d\u00e9colonisatrice dans son travail.\u00a0<\/p>\n<p>Nous reconnaissons que Niagara est le territoire de nombreuses Nations autochtones.\u00a0<\/p>\n<p>Le Pacte de la ceinture wampum faisant r\u00e9f\u00e9rence au concept du \u00ab\u00a0bol \u00e0 une seule cuill\u00e8re\u00a0\u00bb et plusieurs trait\u00e9s prot\u00e8gent notre p\u00e9ninsule.\u00a0<\/p>\n<p>Nous nous inspirons des lois de ces Nations autochtones et de ces trait\u00e9s.<\/p>\n<p>Nous d\u00e9fendons la dignit\u00e9 de tous les \u00eatres humains, et, en particulier, des personnes d\u00e9munies, quels que soient leur race, leur croyance, leur pays d\u2019origine, leur identit\u00e9 ou leur expression de genre, leur handicap (y compris les personnes ayant une d\u00e9ficience psychique) ou leur orientation sexuelle.\u00a0<\/p>\n<p>Nous reconnaissons que le racisme est syst\u00e9mique et que le racisme envers les Noirs et les Autochtones (en particulier) est manifeste dans notre soci\u00e9t\u00e9.<\/p>\n<p>Nous nous effor\u00e7ons de favoriser un environnement plus s\u00fbr et plus encourageant pour tous.<\/p>\n<p>Nous ch\u00e9rissons la Constitution du Canada, qui stipule que chacun a droit \u00e0 la s\u00e9curit\u00e9 de sa personne et \u00e0 la justice fondamentale, et que tous sont \u00e9gaux devant la loi.<\/p>\n<p>Nous ch\u00e9rissons les droits de la personne.<\/p>\n<p>Nous c\u00e9l\u00e9brons le fait que notre clinique re\u00e7oit des clients de multiples origines et milieux. Nous avons l\u2019honneur de les accompagner dans leurs parcours.<\/p>\n","protected":false},"excerpt":{"rendered":"<p>La Clinique juridique communautaire de Niagara adopte une approche anti-raciste, anti-oppressante et d\u00e9colonisatrice dans son travail.\u00a0<br \/>\nNous reconnaissons que Niagara est le territoire de nombreuses Nations autochtones.\u00a0<br \/>\nLe Pacte de la ceinture wampum faisant r\u00e9f\u00e9rence au concept du \u00ab\u00a0bol \u00e0 une seule cuill\u00e8re\u00a0\u00bb et plusieurs trait\u00e9s prot\u00e8gent notre p\u00e9ninsule.\u00a0<\/p>\n","protected":false},"author":2,"featured_media":0,"parent":1563,"menu_order":0,"comment_status":"closed","ping_status":"closed","template":"","meta":{"_bbp_topic_count":0,"_bbp_reply_count":0,"_bbp_total_topic_count":0,"_bbp_total_reply_count":0,"_bbp_voice_count":0,"_bbp_anonymous_reply_count":0,"_bbp_topic_count_hidden":0,"_bbp_reply_count_hidden":0,"_bbp_forum_subforum_count":0,"footnotes":""},"class_list":["post-1505","page","type-page","status-publish","hentry"],"yoast_head":"<!-- This site is optimized with the Yoast SEO plugin v24.3 - https:\/\/yoast.com\/wordpress\/plugins\/seo\/ -->\n<title>Anti-racisme, anti-oppression et d\u00e9colonisation - Niagara Community Legal Clinic - Clinique juridique communautaire de Niagara<\/title>\n<meta name=\"robots\" content=\"noindex, follow, max-snippet:-1, max-image-preview:large, max-video-preview:-1\" \/>\n<meta property=\"og:locale\" content=\"fr_FR\" \/>\n<meta property=\"og:type\" content=\"article\" \/>\n<meta property=\"og:title\" content=\"Anti-racisme, anti-oppression et d\u00e9colonisation - Niagara Community Legal Clinic - Clinique juridique communautaire de Niagara\" \/>\n<meta property=\"og:description\" content=\"La Clinique juridique communautaire de Niagara adopte une approche anti-raciste, anti-oppressante et d\u00e9colonisatrice dans son travail.\u00a0 Nous reconnaissons que Niagara est le territoire de nombreuses Nations autochtones.\u00a0 Le Pacte de la ceinture wampum faisant r\u00e9f\u00e9rence au concept du \u00ab\u00a0bol \u00e0 une seule cuill\u00e8re\u00a0\u00bb et plusieurs trait\u00e9s prot\u00e8gent notre p\u00e9ninsule.\u00a0\" \/>\n<meta property=\"og:url\" content=\"https:\/\/devel.niagaracommunitylegalclinic.com\/fr\/justice-communautaire\/araod\/\" \/>\n<meta property=\"og:site_name\" content=\"Niagara Community Legal Clinic - Clinique juridique communautaire de Niagara\" \/>\n<meta property=\"article:modified_time\" content=\"2025-07-16T11:55:30+00:00\" \/>\n<meta name=\"twitter:card\" content=\"summary_large_image\" \/>\n<meta name=\"twitter:label1\" content=\"Dur\u00e9e de lecture estim\u00e9e\" \/>\n\t<meta name=\"twitter:data1\" content=\"1 minute\" \/>\n<script type=\"application\/ld+json\" class=\"yoast-schema-graph\">{\"@context\":\"https:\/\/schema.org\",\"@graph\":[{\"@type\":\"WebPage\",\"@id\":\"https:\/\/devel.niagaracommunitylegalclinic.com\/fr\/justice-communautaire\/araod\/\",\"url\":\"https:\/\/devel.niagaracommunitylegalclinic.com\/fr\/justice-communautaire\/araod\/\",\"name\":\"Anti-racisme, anti-oppression et d\u00e9colonisation - Niagara Community Legal Clinic - Clinique juridique communautaire de Niagara\",\"isPartOf\":{\"@id\":\"https:\/\/devel.niagaracommunitylegalclinic.com\/#website\"},\"datePublished\":\"2024-07-31T13:42:23+00:00\",\"dateModified\":\"2025-07-16T11:55:30+00:00\",\"breadcrumb\":{\"@id\":\"https:\/\/devel.niagaracommunitylegalclinic.com\/fr\/justice-communautaire\/araod\/#breadcrumb\"},\"inLanguage\":\"fr-FR\",\"potentialAction\":[{\"@type\":\"ReadAction\",\"target\":[\"https:\/\/devel.niagaracommunitylegalclinic.com\/fr\/justice-communautaire\/araod\/\"]}]},{\"@type\":\"BreadcrumbList\",\"@id\":\"https:\/\/devel.niagaracommunitylegalclinic.com\/fr\/justice-communautaire\/araod\/#breadcrumb\",\"itemListElement\":[{\"@type\":\"ListItem\",\"position\":1,\"name\":\"Home\",\"item\":\"https:\/\/devel.niagaracommunitylegalclinic.com\/fr\/\"},{\"@type\":\"ListItem\",\"position\":2,\"name\":\"Justice communautaire\",\"item\":\"https:\/\/devel.niagaracommunitylegalclinic.com\/fr\/justice-communautaire\/\"},{\"@type\":\"ListItem\",\"position\":3,\"name\":\"Anti-racisme, anti-oppression et d\u00e9colonisation\"}]},{\"@type\":\"WebSite\",\"@id\":\"https:\/\/devel.niagaracommunitylegalclinic.com\/#website\",\"url\":\"https:\/\/devel.niagaracommunitylegalclinic.com\/\",\"name\":\"CEO All Clinics\",\"description\":\"\",\"potentialAction\":[{\"@type\":\"SearchAction\",\"target\":{\"@type\":\"EntryPoint\",\"urlTemplate\":\"https:\/\/devel.niagaracommunitylegalclinic.com\/?s={search_term_string}\"},\"query-input\":{\"@type\":\"PropertyValueSpecification\",\"valueRequired\":true,\"valueName\":\"search_term_string\"}}],\"inLanguage\":\"fr-FR\"}]}<\/script>\n<!-- \/ Yoast SEO plugin. -->","yoast_head_json":{"title":"Anti-racisme, anti-oppression et d\u00e9colonisation - Niagara Community Legal Clinic - Clinique juridique communautaire de Niagara","robots":{"index":"noindex","follow":"follow","max-snippet":"max-snippet:-1","max-image-preview":"max-image-preview:large","max-video-preview":"max-video-preview:-1"},"og_locale":"fr_FR","og_type":"article","og_title":"Anti-racisme, anti-oppression et d\u00e9colonisation - Niagara Community Legal Clinic - Clinique juridique communautaire de Niagara","og_description":"La Clinique juridique communautaire de Niagara adopte une approche anti-raciste, anti-oppressante et d\u00e9colonisatrice dans son travail.\u00a0 Nous reconnaissons que Niagara est le territoire de nombreuses Nations autochtones.\u00a0 Le Pacte de la ceinture wampum faisant r\u00e9f\u00e9rence au concept du \u00ab\u00a0bol \u00e0 une seule cuill\u00e8re\u00a0\u00bb et plusieurs trait\u00e9s prot\u00e8gent notre p\u00e9ninsule.\u00a0","og_url":"https:\/\/devel.niagaracommunitylegalclinic.com\/fr\/justice-communautaire\/araod\/","og_site_name":"Niagara Community Legal Clinic - Clinique juridique communautaire de Niagara","article_modified_time":"2025-07-16T11:55:30+00:00","twitter_card":"summary_large_image","twitter_misc":{"Dur\u00e9e de lecture estim\u00e9e":"1 minute"},"schema":{"@context":"https:\/\/schema.org","@graph":[{"@type":"WebPage","@id":"https:\/\/devel.niagaracommunitylegalclinic.com\/fr\/justice-communautaire\/araod\/","url":"https:\/\/devel.niagaracommunitylegalclinic.com\/fr\/justice-communautaire\/araod\/","name":"Anti-racisme, anti-oppression et d\u00e9colonisation - Niagara Community Legal Clinic - Clinique juridique communautaire de Niagara","isPartOf":{"@id":"https:\/\/devel.niagaracommunitylegalclinic.com\/#website"},"datePublished":"2024-07-31T13:42:23+00:00","dateModified":"2025-07-16T11:55:30+00:00","breadcrumb":{"@id":"https:\/\/devel.niagaracommunitylegalclinic.com\/fr\/justice-communautaire\/araod\/#breadcrumb"},"inLanguage":"fr-FR","potentialAction":[{"@type":"ReadAction","target":["https:\/\/devel.niagaracommunitylegalclinic.com\/fr\/justice-communautaire\/araod\/"]}]},{"@type":"BreadcrumbList","@id":"https:\/\/devel.niagaracommunitylegalclinic.com\/fr\/justice-communautaire\/araod\/#breadcrumb","itemListElement":[{"@type":"ListItem","position":1,"name":"Home","item":"https:\/\/devel.niagaracommunitylegalclinic.com\/fr\/"},{"@type":"ListItem","position":2,"name":"Justice communautaire","item":"https:\/\/devel.niagaracommunitylegalclinic.com\/fr\/justice-communautaire\/"},{"@type":"ListItem","position":3,"name":"Anti-racisme, anti-oppression et d\u00e9colonisation"}]},{"@type":"WebSite","@id":"https:\/\/devel.niagaracommunitylegalclinic.com\/#website","url":"https:\/\/devel.niagaracommunitylegalclinic.com\/","name":"CEO All Clinics","description":"","potentialAction":[{"@type":"SearchAction","target":{"@type":"EntryPoint","urlTemplate":"https:\/\/devel.niagaracommunitylegalclinic.com\/?s={search_term_string}"},"query-input":{"@type":"PropertyValueSpecification","valueRequired":true,"valueName":"search_term_string"}}],"inLanguage":"fr-FR"}]}},"_links":{"self":[{"href":"https:\/\/devel.niagaracommunitylegalclinic.com\/fr\/wp-json\/wp\/v2\/pages\/1505","targetHints":{"allow":["GET"]}}],"collection":[{"href":"https:\/\/devel.niagaracommunitylegalclinic.com\/fr\/wp-json\/wp\/v2\/pages"}],"about":[{"href":"https:\/\/devel.niagaracommunitylegalclinic.com\/fr\/wp-json\/wp\/v2\/types\/page"}],"author":[{"embeddable":true,"href":"https:\/\/devel.niagaracommunitylegalclinic.com\/fr\/wp-json\/wp\/v2\/users\/2"}],"replies":[{"embeddable":true,"href":"https:\/\/devel.niagaracommunitylegalclinic.com\/fr\/wp-json\/wp\/v2\/comments?post=1505"}],"version-history":[{"count":2,"href":"https:\/\/devel.niagaracommunitylegalclinic.com\/fr\/wp-json\/wp\/v2\/pages\/1505\/revisions"}],"predecessor-version":[{"id":1599,"href":"https:\/\/devel.niagaracommunitylegalclinic.com\/fr\/wp-json\/wp\/v2\/pages\/1505\/revisions\/1599"}],"up":[{"embeddable":true,"href":"https:\/\/devel.niagaracommunitylegalclinic.com\/fr\/wp-json\/wp\/v2\/pages\/1563"}],"wp:attachment":[{"href":"https:\/\/devel.niagaracommunitylegalclinic.com\/fr\/wp-json\/wp\/v2\/media?parent=1505"}],"curies":[{"name":"wp","href":"https:\/\/api.w.org\/{rel}","templated":true}]}}