{"id":1507,"date":"2024-07-31T09:45:49","date_gmt":"2024-07-31T13:45:49","guid":{"rendered":"https:\/\/www.niagaracommunitylegalclinic.com\/?page_id=1507"},"modified":"2025-07-16T07:59:09","modified_gmt":"2025-07-16T11:59:09","slug":"contre-harcelement-travail","status":"publish","type":"page","link":"https:\/\/devel.niagaracommunitylegalclinic.com\/fr\/justice-communautaire\/contre-harcelement-travail\/","title":{"rendered":"Projet Contre le Harc\u00e8lement au Lieu de Travail"},"content":{"rendered":"\n<p>La Clinique juridique communautaire de Niagara participe actuellement \u00e0 une initiative du minist\u00e8re de la Justice du Canada visant \u00e0 s\u2019attaquer au probl\u00e8me persistant du harc\u00e8lement sexuel en milieu de travail. Cette allocation f\u00e9d\u00e9rale comprend le financement de projets pour vingt-deux cliniques juridiques communautaires en Ontario.<\/p>\n<p>Le projet de pr\u00e9vention du harc\u00e8lement sexuel en milieu de travail est financ\u00e9\u00a0:<\/p>\n<ul>\n<li>pour accro\u00eetre la sensibilisation et les connaissances du public sur le harc\u00e8lement sexuel en milieu de travail;<\/li>\n<li>pour offrir une \u00e9ducation et des renseignements juridiques au public, ce qui comprend des webinaires gratuits pour les milieux de travail;<\/li>\n<li>pour fournir des conseils et des renseignements juridiques en cas de pr\u00e9occupation.<\/li>\n<\/ul>\n<p>Le projet de pr\u00e9vention du harc\u00e8lement sexuel en milieu de travail de la Clinique juridique communautaire de Niagara est un partenaire juridique de \u00ab\u00a0<em>Botler pour citoyen et citoyennes<\/em>\u00a0\u00bb &#8211; un service gratuit d\u2019intelligence artificielle permettant d\u2019autonomiser les citoyens, con\u00e7u pour soutenir les victimes de harc\u00e8lement sexuel et d\u2019inconduite gr\u00e2ce \u00e0 des mesures d\u2019intervention.<\/p>\n<p><strong>Pour vous inscrire, allez \u00e0\u00a0: <\/strong><a href=\"https:\/\/botler.com\/fr\" target=\"_blank\" rel=\"noopener\">https:\/\/botler.com\/fr<\/a><\/p>\n<p>Personne-ressource du projet de pr\u00e9vention du harc\u00e8lement sexuel en milieu de travail de la Clinique juridique communautaire de Niagara\u00a0:<br \/>Darlene Kindiak, parajuriste (ma\u00eetrise en travail social)<br \/><a href=\"mailto:kindiadr@lao.on.ca\">kindiadr@lao.on.ca<\/a><\/p>\n<p><img loading=\"lazy\" decoding=\"async\" class=\"alignnone size-full wp-image-1357\" src=\"\/wp-content\/uploads\/2022\/05\/Advertisement-POSTER.jpg\" alt=\"\" width=\"1500\" height=\"2014\" srcset=\"https:\/\/devel.niagaracommunitylegalclinic.com\/wp-content\/uploads\/2022\/05\/Advertisement-POSTER.jpg 1500w, https:\/\/devel.niagaracommunitylegalclinic.com\/wp-content\/uploads\/2022\/05\/Advertisement-POSTER-223x300.jpg 223w, https:\/\/devel.niagaracommunitylegalclinic.com\/wp-content\/uploads\/2022\/05\/Advertisement-POSTER-763x1024.jpg 763w, https:\/\/devel.niagaracommunitylegalclinic.com\/wp-content\/uploads\/2022\/05\/Advertisement-POSTER-768x1031.jpg 768w, https:\/\/devel.niagaracommunitylegalclinic.com\/wp-content\/uploads\/2022\/05\/Advertisement-POSTER-1144x1536.jpg 1144w, https:\/\/devel.niagaracommunitylegalclinic.com\/wp-content\/uploads\/2022\/05\/Advertisement-POSTER-56x75.jpg 56w, https:\/\/devel.niagaracommunitylegalclinic.com\/wp-content\/uploads\/2022\/05\/Advertisement-POSTER-45x60.jpg 45w, https:\/\/devel.niagaracommunitylegalclinic.com\/wp-content\/uploads\/2022\/05\/Advertisement-POSTER-190x255.jpg 190w, https:\/\/devel.niagaracommunitylegalclinic.com\/wp-content\/uploads\/2022\/05\/Advertisement-POSTER-127x170.jpg 127w, https:\/\/devel.niagaracommunitylegalclinic.com\/wp-content\/uploads\/2022\/05\/Advertisement-POSTER-124x166.jpg 124w, https:\/\/devel.niagaracommunitylegalclinic.com\/wp-content\/uploads\/2022\/05\/Advertisement-POSTER-670x900.jpg 670w, https:\/\/devel.niagaracommunitylegalclinic.com\/wp-content\/uploads\/2022\/05\/Advertisement-POSTER-30x40.jpg 30w, https:\/\/devel.niagaracommunitylegalclinic.com\/wp-content\/uploads\/2022\/05\/Advertisement-POSTER-18x24.jpg 18w, https:\/\/devel.niagaracommunitylegalclinic.com\/wp-content\/uploads\/2022\/05\/Advertisement-POSTER-27x36.jpg 27w, https:\/\/devel.niagaracommunitylegalclinic.com\/wp-content\/uploads\/2022\/05\/Advertisement-POSTER-36x48.jpg 36w\" sizes=\"auto, (max-width: 1500px) 100vw, 1500px\" \/><\/p>\n","protected":false},"excerpt":{"rendered":"<p>La Clinique juridique communautaire de Niagara participe actuellement \u00e0 une initiative du minist\u00e8re de la Justice du Canada visant \u00e0 s\u2019attaquer au probl\u00e8me persistant du harc\u00e8lement sexuel en milieu de travail. Cette allocation f\u00e9d\u00e9rale comprend le financement de projets pour vingt-deux cliniques juridiques communautaires en Ontario.<br \/>\nLe projet de pr\u00e9vention du harc\u00e8lement sexuel en milieu de travail est financ\u00e9\u00a0:<\/p>\n<p>pour accro\u00eetre la sensibilisation et les connaissances du public sur le harc\u00e8lement sexuel en milieu de travail;<\/p>\n","protected":false},"author":2,"featured_media":0,"parent":1563,"menu_order":0,"comment_status":"closed","ping_status":"closed","template":"","meta":{"_bbp_topic_count":0,"_bbp_reply_count":0,"_bbp_total_topic_count":0,"_bbp_total_reply_count":0,"_bbp_voice_count":0,"_bbp_anonymous_reply_count":0,"_bbp_topic_count_hidden":0,"_bbp_reply_count_hidden":0,"_bbp_forum_subforum_count":0,"footnotes":""},"class_list":["post-1507","page","type-page","status-publish","hentry"],"yoast_head":"<!-- This site is optimized with the Yoast SEO plugin v24.3 - https:\/\/yoast.com\/wordpress\/plugins\/seo\/ -->\n<title>Projet Contre le Harc\u00e8lement au Lieu de Travail - Niagara Community Legal Clinic - Clinique juridique communautaire de Niagara<\/title>\n<meta name=\"robots\" content=\"noindex, follow, max-snippet:-1, max-image-preview:large, max-video-preview:-1\" \/>\n<meta property=\"og:locale\" content=\"fr_FR\" \/>\n<meta property=\"og:type\" content=\"article\" \/>\n<meta property=\"og:title\" content=\"Projet Contre le Harc\u00e8lement au Lieu de Travail - Niagara Community Legal Clinic - Clinique juridique communautaire de Niagara\" \/>\n<meta property=\"og:description\" content=\"La Clinique juridique communautaire de Niagara participe actuellement \u00e0 une initiative du minist\u00e8re de la Justice du Canada visant \u00e0 s\u2019attaquer au probl\u00e8me persistant du harc\u00e8lement sexuel en milieu de travail. Cette allocation f\u00e9d\u00e9rale comprend le financement de projets pour vingt-deux cliniques juridiques communautaires en Ontario. Le projet de pr\u00e9vention du harc\u00e8lement sexuel en milieu de travail est financ\u00e9\u00a0: pour accro\u00eetre la sensibilisation et les connaissances du public sur le harc\u00e8lement sexuel en milieu de travail;\" \/>\n<meta property=\"og:url\" content=\"https:\/\/devel.niagaracommunitylegalclinic.com\/fr\/justice-communautaire\/contre-harcelement-travail\/\" \/>\n<meta property=\"og:site_name\" content=\"Niagara Community Legal Clinic - Clinique juridique communautaire de Niagara\" \/>\n<meta property=\"article:modified_time\" content=\"2025-07-16T11:59:09+00:00\" \/>\n<meta name=\"twitter:card\" content=\"summary_large_image\" \/>\n<meta name=\"twitter:label1\" content=\"Dur\u00e9e de lecture estim\u00e9e\" \/>\n\t<meta name=\"twitter:data1\" content=\"1 minute\" \/>\n<script type=\"application\/ld+json\" class=\"yoast-schema-graph\">{\"@context\":\"https:\/\/schema.org\",\"@graph\":[{\"@type\":\"WebPage\",\"@id\":\"https:\/\/devel.niagaracommunitylegalclinic.com\/fr\/justice-communautaire\/contre-harcelement-travail\/\",\"url\":\"https:\/\/devel.niagaracommunitylegalclinic.com\/fr\/justice-communautaire\/contre-harcelement-travail\/\",\"name\":\"Projet Contre le Harc\u00e8lement au Lieu de Travail - Niagara Community Legal Clinic - Clinique juridique communautaire de Niagara\",\"isPartOf\":{\"@id\":\"https:\/\/devel.niagaracommunitylegalclinic.com\/#website\"},\"datePublished\":\"2024-07-31T13:45:49+00:00\",\"dateModified\":\"2025-07-16T11:59:09+00:00\",\"breadcrumb\":{\"@id\":\"https:\/\/devel.niagaracommunitylegalclinic.com\/fr\/justice-communautaire\/contre-harcelement-travail\/#breadcrumb\"},\"inLanguage\":\"fr-FR\",\"potentialAction\":[{\"@type\":\"ReadAction\",\"target\":[\"https:\/\/devel.niagaracommunitylegalclinic.com\/fr\/justice-communautaire\/contre-harcelement-travail\/\"]}]},{\"@type\":\"BreadcrumbList\",\"@id\":\"https:\/\/devel.niagaracommunitylegalclinic.com\/fr\/justice-communautaire\/contre-harcelement-travail\/#breadcrumb\",\"itemListElement\":[{\"@type\":\"ListItem\",\"position\":1,\"name\":\"Home\",\"item\":\"https:\/\/devel.niagaracommunitylegalclinic.com\/fr\/\"},{\"@type\":\"ListItem\",\"position\":2,\"name\":\"Justice communautaire\",\"item\":\"https:\/\/devel.niagaracommunitylegalclinic.com\/fr\/justice-communautaire\/\"},{\"@type\":\"ListItem\",\"position\":3,\"name\":\"Projet Contre le Harc\u00e8lement au Lieu de Travail\"}]},{\"@type\":\"WebSite\",\"@id\":\"https:\/\/devel.niagaracommunitylegalclinic.com\/#website\",\"url\":\"https:\/\/devel.niagaracommunitylegalclinic.com\/\",\"name\":\"CEO All Clinics\",\"description\":\"\",\"potentialAction\":[{\"@type\":\"SearchAction\",\"target\":{\"@type\":\"EntryPoint\",\"urlTemplate\":\"https:\/\/devel.niagaracommunitylegalclinic.com\/?s={search_term_string}\"},\"query-input\":{\"@type\":\"PropertyValueSpecification\",\"valueRequired\":true,\"valueName\":\"search_term_string\"}}],\"inLanguage\":\"fr-FR\"}]}<\/script>\n<!-- \/ Yoast SEO plugin. -->","yoast_head_json":{"title":"Projet Contre le Harc\u00e8lement au Lieu de Travail - Niagara Community Legal Clinic - Clinique juridique communautaire de Niagara","robots":{"index":"noindex","follow":"follow","max-snippet":"max-snippet:-1","max-image-preview":"max-image-preview:large","max-video-preview":"max-video-preview:-1"},"og_locale":"fr_FR","og_type":"article","og_title":"Projet Contre le Harc\u00e8lement au Lieu de Travail - Niagara Community Legal Clinic - Clinique juridique communautaire de Niagara","og_description":"La Clinique juridique communautaire de Niagara participe actuellement \u00e0 une initiative du minist\u00e8re de la Justice du Canada visant \u00e0 s\u2019attaquer au probl\u00e8me persistant du harc\u00e8lement sexuel en milieu de travail. Cette allocation f\u00e9d\u00e9rale comprend le financement de projets pour vingt-deux cliniques juridiques communautaires en Ontario. Le projet de pr\u00e9vention du harc\u00e8lement sexuel en milieu de travail est financ\u00e9\u00a0: pour accro\u00eetre la sensibilisation et les connaissances du public sur le harc\u00e8lement sexuel en milieu de travail;","og_url":"https:\/\/devel.niagaracommunitylegalclinic.com\/fr\/justice-communautaire\/contre-harcelement-travail\/","og_site_name":"Niagara Community Legal Clinic - Clinique juridique communautaire de Niagara","article_modified_time":"2025-07-16T11:59:09+00:00","twitter_card":"summary_large_image","twitter_misc":{"Dur\u00e9e de lecture estim\u00e9e":"1 minute"},"schema":{"@context":"https:\/\/schema.org","@graph":[{"@type":"WebPage","@id":"https:\/\/devel.niagaracommunitylegalclinic.com\/fr\/justice-communautaire\/contre-harcelement-travail\/","url":"https:\/\/devel.niagaracommunitylegalclinic.com\/fr\/justice-communautaire\/contre-harcelement-travail\/","name":"Projet Contre le Harc\u00e8lement au Lieu de Travail - Niagara Community Legal Clinic - Clinique juridique communautaire de Niagara","isPartOf":{"@id":"https:\/\/devel.niagaracommunitylegalclinic.com\/#website"},"datePublished":"2024-07-31T13:45:49+00:00","dateModified":"2025-07-16T11:59:09+00:00","breadcrumb":{"@id":"https:\/\/devel.niagaracommunitylegalclinic.com\/fr\/justice-communautaire\/contre-harcelement-travail\/#breadcrumb"},"inLanguage":"fr-FR","potentialAction":[{"@type":"ReadAction","target":["https:\/\/devel.niagaracommunitylegalclinic.com\/fr\/justice-communautaire\/contre-harcelement-travail\/"]}]},{"@type":"BreadcrumbList","@id":"https:\/\/devel.niagaracommunitylegalclinic.com\/fr\/justice-communautaire\/contre-harcelement-travail\/#breadcrumb","itemListElement":[{"@type":"ListItem","position":1,"name":"Home","item":"https:\/\/devel.niagaracommunitylegalclinic.com\/fr\/"},{"@type":"ListItem","position":2,"name":"Justice communautaire","item":"https:\/\/devel.niagaracommunitylegalclinic.com\/fr\/justice-communautaire\/"},{"@type":"ListItem","position":3,"name":"Projet Contre le Harc\u00e8lement au Lieu de Travail"}]},{"@type":"WebSite","@id":"https:\/\/devel.niagaracommunitylegalclinic.com\/#website","url":"https:\/\/devel.niagaracommunitylegalclinic.com\/","name":"CEO All Clinics","description":"","potentialAction":[{"@type":"SearchAction","target":{"@type":"EntryPoint","urlTemplate":"https:\/\/devel.niagaracommunitylegalclinic.com\/?s={search_term_string}"},"query-input":{"@type":"PropertyValueSpecification","valueRequired":true,"valueName":"search_term_string"}}],"inLanguage":"fr-FR"}]}},"_links":{"self":[{"href":"https:\/\/devel.niagaracommunitylegalclinic.com\/fr\/wp-json\/wp\/v2\/pages\/1507","targetHints":{"allow":["GET"]}}],"collection":[{"href":"https:\/\/devel.niagaracommunitylegalclinic.com\/fr\/wp-json\/wp\/v2\/pages"}],"about":[{"href":"https:\/\/devel.niagaracommunitylegalclinic.com\/fr\/wp-json\/wp\/v2\/types\/page"}],"author":[{"embeddable":true,"href":"https:\/\/devel.niagaracommunitylegalclinic.com\/fr\/wp-json\/wp\/v2\/users\/2"}],"replies":[{"embeddable":true,"href":"https:\/\/devel.niagaracommunitylegalclinic.com\/fr\/wp-json\/wp\/v2\/comments?post=1507"}],"version-history":[{"count":3,"href":"https:\/\/devel.niagaracommunitylegalclinic.com\/fr\/wp-json\/wp\/v2\/pages\/1507\/revisions"}],"predecessor-version":[{"id":1602,"href":"https:\/\/devel.niagaracommunitylegalclinic.com\/fr\/wp-json\/wp\/v2\/pages\/1507\/revisions\/1602"}],"up":[{"embeddable":true,"href":"https:\/\/devel.niagaracommunitylegalclinic.com\/fr\/wp-json\/wp\/v2\/pages\/1563"}],"wp:attachment":[{"href":"https:\/\/devel.niagaracommunitylegalclinic.com\/fr\/wp-json\/wp\/v2\/media?parent=1507"}],"curies":[{"name":"wp","href":"https:\/\/api.w.org\/{rel}","templated":true}]}}