{"id":1565,"date":"2025-07-09T16:20:38","date_gmt":"2025-07-09T20:20:38","guid":{"rendered":"https:\/\/devel.niagaracommunitylegalclinic.com\/?page_id=1565"},"modified":"2025-07-16T08:00:40","modified_gmt":"2025-07-16T12:00:40","slug":"autochtone","status":"publish","type":"page","link":"https:\/\/devel.niagaracommunitylegalclinic.com\/fr\/justice-communautaire\/autochtone\/","title":{"rendered":"Autochtone"},"content":{"rendered":"\n<p>La Clinique juridique communautaire de Niagara a le privil\u00e8ge d\u2019offrir des services juridiques satellites au Niagara Regional Native Centre et au Fort Erie Native Friendship Centre. Les domaines dans lesquels nous offrons des services aux habitants autochtones de la r\u00e9gion du Niagara comprennent les droits de la personne, le droit des locataires et le droit de l\u2019aide sociale. Dans le cadre de nos activit\u00e9s de d\u00e9fense des int\u00e9r\u00eats des clients autochtones, nous utilisons r\u00e9guli\u00e8rement des m\u00e9moires Gladue \u2013 des comptes rendus d\u2019experts sur la fa\u00e7on dont le colonialisme et les traumatismes interg\u00e9n\u00e9rationnels interagissent avec les situations particuli\u00e8res de vuln\u00e9rabilit\u00e9 des peuples autochtones.<\/p>\n<p>Nous reconnaissons que notre organisme est fond\u00e9 sur le droit colonial. Nous travaillons sur les terres de diverses Premi\u00e8res Nations, y compris les Mississaugas de New Credit et les Six Nations de Grand River \u2013 des terres qui abritent aujourd\u2019hui divers peuples inuits, m\u00e9tis et des Premi\u00e8res Nations. Nous reconnaissons que la r\u00e9gion de Niagara est prot\u00e9g\u00e9e par divers trait\u00e9s et par le pacte du wampum du \u00ab\u00a0bol \u00e0 une seule cuill\u00e8re\u00a0\u00bb.<\/p>\n","protected":false},"excerpt":{"rendered":"<p>La Clinique juridique communautaire de Niagara a le privil\u00e8ge d\u2019offrir des services juridiques satellites au Niagara Regional Native Centre et au Fort Erie Native Friendship Centre. Les domaines dans lesquels nous offrons des services aux habitants autochtones de la r\u00e9gion du Niagara comprennent les droits de la personne, le droit des locataires et le droit de l\u2019aide sociale.<\/p>\n","protected":false},"author":2,"featured_media":0,"parent":1563,"menu_order":0,"comment_status":"closed","ping_status":"closed","template":"","meta":{"_bbp_topic_count":0,"_bbp_reply_count":0,"_bbp_total_topic_count":0,"_bbp_total_reply_count":0,"_bbp_voice_count":0,"_bbp_anonymous_reply_count":0,"_bbp_topic_count_hidden":0,"_bbp_reply_count_hidden":0,"_bbp_forum_subforum_count":0,"footnotes":""},"class_list":["post-1565","page","type-page","status-publish","hentry"],"yoast_head":"<!-- This site is optimized with the Yoast SEO plugin v24.3 - https:\/\/yoast.com\/wordpress\/plugins\/seo\/ -->\n<title>Autochtone - Niagara Community Legal Clinic - Clinique juridique communautaire de Niagara<\/title>\n<meta name=\"robots\" content=\"noindex, follow, max-snippet:-1, max-image-preview:large, max-video-preview:-1\" \/>\n<meta property=\"og:locale\" content=\"fr_FR\" \/>\n<meta property=\"og:type\" content=\"article\" \/>\n<meta property=\"og:title\" content=\"Autochtone - Niagara Community Legal Clinic - Clinique juridique communautaire de Niagara\" \/>\n<meta property=\"og:description\" content=\"La Clinique juridique communautaire de Niagara a le privil\u00e8ge d\u2019offrir des services juridiques satellites au Niagara Regional Native Centre et au Fort Erie Native Friendship Centre. Les domaines dans lesquels nous offrons des services aux habitants autochtones de la r\u00e9gion du Niagara comprennent les droits de la personne, le droit des locataires et le droit de l\u2019aide sociale.\" \/>\n<meta property=\"og:url\" content=\"https:\/\/devel.niagaracommunitylegalclinic.com\/fr\/justice-communautaire\/autochtone\/\" \/>\n<meta property=\"og:site_name\" content=\"Niagara Community Legal Clinic - Clinique juridique communautaire de Niagara\" \/>\n<meta property=\"article:modified_time\" content=\"2025-07-16T12:00:40+00:00\" \/>\n<meta name=\"twitter:card\" content=\"summary_large_image\" \/>\n<meta name=\"twitter:label1\" content=\"Dur\u00e9e de lecture estim\u00e9e\" \/>\n\t<meta name=\"twitter:data1\" content=\"1 minute\" \/>\n<script type=\"application\/ld+json\" class=\"yoast-schema-graph\">{\"@context\":\"https:\/\/schema.org\",\"@graph\":[{\"@type\":\"WebPage\",\"@id\":\"https:\/\/devel.niagaracommunitylegalclinic.com\/fr\/justice-communautaire\/autochtone\/\",\"url\":\"https:\/\/devel.niagaracommunitylegalclinic.com\/fr\/justice-communautaire\/autochtone\/\",\"name\":\"Autochtone - Niagara Community Legal Clinic - Clinique juridique communautaire de Niagara\",\"isPartOf\":{\"@id\":\"https:\/\/devel.niagaracommunitylegalclinic.com\/#website\"},\"datePublished\":\"2025-07-09T20:20:38+00:00\",\"dateModified\":\"2025-07-16T12:00:40+00:00\",\"breadcrumb\":{\"@id\":\"https:\/\/devel.niagaracommunitylegalclinic.com\/fr\/justice-communautaire\/autochtone\/#breadcrumb\"},\"inLanguage\":\"fr-FR\",\"potentialAction\":[{\"@type\":\"ReadAction\",\"target\":[\"https:\/\/devel.niagaracommunitylegalclinic.com\/fr\/justice-communautaire\/autochtone\/\"]}]},{\"@type\":\"BreadcrumbList\",\"@id\":\"https:\/\/devel.niagaracommunitylegalclinic.com\/fr\/justice-communautaire\/autochtone\/#breadcrumb\",\"itemListElement\":[{\"@type\":\"ListItem\",\"position\":1,\"name\":\"Home\",\"item\":\"https:\/\/devel.niagaracommunitylegalclinic.com\/fr\/\"},{\"@type\":\"ListItem\",\"position\":2,\"name\":\"Justice communautaire\",\"item\":\"https:\/\/devel.niagaracommunitylegalclinic.com\/fr\/justice-communautaire\/\"},{\"@type\":\"ListItem\",\"position\":3,\"name\":\"Autochtone\"}]},{\"@type\":\"WebSite\",\"@id\":\"https:\/\/devel.niagaracommunitylegalclinic.com\/#website\",\"url\":\"https:\/\/devel.niagaracommunitylegalclinic.com\/\",\"name\":\"CEO All Clinics\",\"description\":\"\",\"potentialAction\":[{\"@type\":\"SearchAction\",\"target\":{\"@type\":\"EntryPoint\",\"urlTemplate\":\"https:\/\/devel.niagaracommunitylegalclinic.com\/?s={search_term_string}\"},\"query-input\":{\"@type\":\"PropertyValueSpecification\",\"valueRequired\":true,\"valueName\":\"search_term_string\"}}],\"inLanguage\":\"fr-FR\"}]}<\/script>\n<!-- \/ Yoast SEO plugin. -->","yoast_head_json":{"title":"Autochtone - Niagara Community Legal Clinic - Clinique juridique communautaire de Niagara","robots":{"index":"noindex","follow":"follow","max-snippet":"max-snippet:-1","max-image-preview":"max-image-preview:large","max-video-preview":"max-video-preview:-1"},"og_locale":"fr_FR","og_type":"article","og_title":"Autochtone - Niagara Community Legal Clinic - Clinique juridique communautaire de Niagara","og_description":"La Clinique juridique communautaire de Niagara a le privil\u00e8ge d\u2019offrir des services juridiques satellites au Niagara Regional Native Centre et au Fort Erie Native Friendship Centre. Les domaines dans lesquels nous offrons des services aux habitants autochtones de la r\u00e9gion du Niagara comprennent les droits de la personne, le droit des locataires et le droit de l\u2019aide sociale.","og_url":"https:\/\/devel.niagaracommunitylegalclinic.com\/fr\/justice-communautaire\/autochtone\/","og_site_name":"Niagara Community Legal Clinic - Clinique juridique communautaire de Niagara","article_modified_time":"2025-07-16T12:00:40+00:00","twitter_card":"summary_large_image","twitter_misc":{"Dur\u00e9e de lecture estim\u00e9e":"1 minute"},"schema":{"@context":"https:\/\/schema.org","@graph":[{"@type":"WebPage","@id":"https:\/\/devel.niagaracommunitylegalclinic.com\/fr\/justice-communautaire\/autochtone\/","url":"https:\/\/devel.niagaracommunitylegalclinic.com\/fr\/justice-communautaire\/autochtone\/","name":"Autochtone - Niagara Community Legal Clinic - Clinique juridique communautaire de Niagara","isPartOf":{"@id":"https:\/\/devel.niagaracommunitylegalclinic.com\/#website"},"datePublished":"2025-07-09T20:20:38+00:00","dateModified":"2025-07-16T12:00:40+00:00","breadcrumb":{"@id":"https:\/\/devel.niagaracommunitylegalclinic.com\/fr\/justice-communautaire\/autochtone\/#breadcrumb"},"inLanguage":"fr-FR","potentialAction":[{"@type":"ReadAction","target":["https:\/\/devel.niagaracommunitylegalclinic.com\/fr\/justice-communautaire\/autochtone\/"]}]},{"@type":"BreadcrumbList","@id":"https:\/\/devel.niagaracommunitylegalclinic.com\/fr\/justice-communautaire\/autochtone\/#breadcrumb","itemListElement":[{"@type":"ListItem","position":1,"name":"Home","item":"https:\/\/devel.niagaracommunitylegalclinic.com\/fr\/"},{"@type":"ListItem","position":2,"name":"Justice communautaire","item":"https:\/\/devel.niagaracommunitylegalclinic.com\/fr\/justice-communautaire\/"},{"@type":"ListItem","position":3,"name":"Autochtone"}]},{"@type":"WebSite","@id":"https:\/\/devel.niagaracommunitylegalclinic.com\/#website","url":"https:\/\/devel.niagaracommunitylegalclinic.com\/","name":"CEO All Clinics","description":"","potentialAction":[{"@type":"SearchAction","target":{"@type":"EntryPoint","urlTemplate":"https:\/\/devel.niagaracommunitylegalclinic.com\/?s={search_term_string}"},"query-input":{"@type":"PropertyValueSpecification","valueRequired":true,"valueName":"search_term_string"}}],"inLanguage":"fr-FR"}]}},"_links":{"self":[{"href":"https:\/\/devel.niagaracommunitylegalclinic.com\/fr\/wp-json\/wp\/v2\/pages\/1565","targetHints":{"allow":["GET"]}}],"collection":[{"href":"https:\/\/devel.niagaracommunitylegalclinic.com\/fr\/wp-json\/wp\/v2\/pages"}],"about":[{"href":"https:\/\/devel.niagaracommunitylegalclinic.com\/fr\/wp-json\/wp\/v2\/types\/page"}],"author":[{"embeddable":true,"href":"https:\/\/devel.niagaracommunitylegalclinic.com\/fr\/wp-json\/wp\/v2\/users\/2"}],"replies":[{"embeddable":true,"href":"https:\/\/devel.niagaracommunitylegalclinic.com\/fr\/wp-json\/wp\/v2\/comments?post=1565"}],"version-history":[{"count":2,"href":"https:\/\/devel.niagaracommunitylegalclinic.com\/fr\/wp-json\/wp\/v2\/pages\/1565\/revisions"}],"predecessor-version":[{"id":1604,"href":"https:\/\/devel.niagaracommunitylegalclinic.com\/fr\/wp-json\/wp\/v2\/pages\/1565\/revisions\/1604"}],"up":[{"embeddable":true,"href":"https:\/\/devel.niagaracommunitylegalclinic.com\/fr\/wp-json\/wp\/v2\/pages\/1563"}],"wp:attachment":[{"href":"https:\/\/devel.niagaracommunitylegalclinic.com\/fr\/wp-json\/wp\/v2\/media?parent=1565"}],"curies":[{"name":"wp","href":"https:\/\/api.w.org\/{rel}","templated":true}]}}