{"id":1567,"date":"2025-07-09T16:21:34","date_gmt":"2025-07-09T20:21:34","guid":{"rendered":"https:\/\/devel.niagaracommunitylegalclinic.com\/?page_id=1567"},"modified":"2025-07-16T08:00:00","modified_gmt":"2025-07-16T12:00:00","slug":"travailleurs-migrants","status":"publish","type":"page","link":"https:\/\/devel.niagaracommunitylegalclinic.com\/fr\/justice-communautaire\/travailleurs-migrants\/","title":{"rendered":"Travailleurs migrants"},"content":{"rendered":"\n<p>La Clinique juridique communautaire de Niagara offre divers services juridiques aux travailleurs agricoles migrants de notre r\u00e9gion. Nous apportons notre aide dans des domaines comme les pensions, l\u2019indemnisation des accident\u00e9s du travail, les droits \u00e0 l\u2019emploi et les droits de la personne. De fa\u00e7on limit\u00e9e, nous sommes \u00e9galement en mesure de fournir des renseignements et du soutien li\u00e9s au droit de l\u2019immigration. Nous reconnaissons que bon nombre des travailleurs migrants qui travaillent \u00e0 Niagara sont des peuples autochtones des Am\u00e9riques.<\/p>\n","protected":false},"excerpt":{"rendered":"<p>La Clinique juridique communautaire de Niagara offre divers services juridiques aux travailleurs agricoles migrants de notre r\u00e9gion. Nous apportons notre aide dans des domaines comme les pensions, l\u2019indemnisation des accident\u00e9s du travail, les droits \u00e0 l\u2019emploi et les droits de la personne. De fa\u00e7on limit\u00e9e, nous sommes \u00e9galement en mesure de fournir des renseignements et du soutien li\u00e9s au droit de l\u2019immigration.<\/p>\n","protected":false},"author":2,"featured_media":0,"parent":1563,"menu_order":0,"comment_status":"closed","ping_status":"closed","template":"","meta":{"_bbp_topic_count":0,"_bbp_reply_count":0,"_bbp_total_topic_count":0,"_bbp_total_reply_count":0,"_bbp_voice_count":0,"_bbp_anonymous_reply_count":0,"_bbp_topic_count_hidden":0,"_bbp_reply_count_hidden":0,"_bbp_forum_subforum_count":0,"footnotes":""},"class_list":["post-1567","page","type-page","status-publish","hentry"],"yoast_head":"<!-- This site is optimized with the Yoast SEO plugin v24.3 - https:\/\/yoast.com\/wordpress\/plugins\/seo\/ -->\n<title>Travailleurs migrants - Niagara Community Legal Clinic - Clinique juridique communautaire de Niagara<\/title>\n<meta name=\"robots\" content=\"noindex, follow, max-snippet:-1, max-image-preview:large, max-video-preview:-1\" \/>\n<meta property=\"og:locale\" content=\"fr_FR\" \/>\n<meta property=\"og:type\" content=\"article\" \/>\n<meta property=\"og:title\" content=\"Travailleurs migrants - Niagara Community Legal Clinic - Clinique juridique communautaire de Niagara\" \/>\n<meta property=\"og:description\" content=\"La Clinique juridique communautaire de Niagara offre divers services juridiques aux travailleurs agricoles migrants de notre r\u00e9gion. Nous apportons notre aide dans des domaines comme les pensions, l\u2019indemnisation des accident\u00e9s du travail, les droits \u00e0 l\u2019emploi et les droits de la personne. De fa\u00e7on limit\u00e9e, nous sommes \u00e9galement en mesure de fournir des renseignements et du soutien li\u00e9s au droit de l\u2019immigration.\" \/>\n<meta property=\"og:url\" content=\"https:\/\/devel.niagaracommunitylegalclinic.com\/fr\/justice-communautaire\/travailleurs-migrants\/\" \/>\n<meta property=\"og:site_name\" content=\"Niagara Community Legal Clinic - Clinique juridique communautaire de Niagara\" \/>\n<meta property=\"article:modified_time\" content=\"2025-07-16T12:00:00+00:00\" \/>\n<meta name=\"twitter:card\" content=\"summary_large_image\" \/>\n<meta name=\"twitter:label1\" content=\"Dur\u00e9e de lecture estim\u00e9e\" \/>\n\t<meta name=\"twitter:data1\" content=\"1 minute\" \/>\n<script type=\"application\/ld+json\" class=\"yoast-schema-graph\">{\"@context\":\"https:\/\/schema.org\",\"@graph\":[{\"@type\":\"WebPage\",\"@id\":\"https:\/\/devel.niagaracommunitylegalclinic.com\/fr\/justice-communautaire\/travailleurs-migrants\/\",\"url\":\"https:\/\/devel.niagaracommunitylegalclinic.com\/fr\/justice-communautaire\/travailleurs-migrants\/\",\"name\":\"Travailleurs migrants - Niagara Community Legal Clinic - Clinique juridique communautaire de Niagara\",\"isPartOf\":{\"@id\":\"https:\/\/devel.niagaracommunitylegalclinic.com\/#website\"},\"datePublished\":\"2025-07-09T20:21:34+00:00\",\"dateModified\":\"2025-07-16T12:00:00+00:00\",\"breadcrumb\":{\"@id\":\"https:\/\/devel.niagaracommunitylegalclinic.com\/fr\/justice-communautaire\/travailleurs-migrants\/#breadcrumb\"},\"inLanguage\":\"fr-FR\",\"potentialAction\":[{\"@type\":\"ReadAction\",\"target\":[\"https:\/\/devel.niagaracommunitylegalclinic.com\/fr\/justice-communautaire\/travailleurs-migrants\/\"]}]},{\"@type\":\"BreadcrumbList\",\"@id\":\"https:\/\/devel.niagaracommunitylegalclinic.com\/fr\/justice-communautaire\/travailleurs-migrants\/#breadcrumb\",\"itemListElement\":[{\"@type\":\"ListItem\",\"position\":1,\"name\":\"Home\",\"item\":\"https:\/\/devel.niagaracommunitylegalclinic.com\/fr\/\"},{\"@type\":\"ListItem\",\"position\":2,\"name\":\"Justice communautaire\",\"item\":\"https:\/\/devel.niagaracommunitylegalclinic.com\/fr\/justice-communautaire\/\"},{\"@type\":\"ListItem\",\"position\":3,\"name\":\"Travailleurs migrants\"}]},{\"@type\":\"WebSite\",\"@id\":\"https:\/\/devel.niagaracommunitylegalclinic.com\/#website\",\"url\":\"https:\/\/devel.niagaracommunitylegalclinic.com\/\",\"name\":\"CEO All Clinics\",\"description\":\"\",\"potentialAction\":[{\"@type\":\"SearchAction\",\"target\":{\"@type\":\"EntryPoint\",\"urlTemplate\":\"https:\/\/devel.niagaracommunitylegalclinic.com\/?s={search_term_string}\"},\"query-input\":{\"@type\":\"PropertyValueSpecification\",\"valueRequired\":true,\"valueName\":\"search_term_string\"}}],\"inLanguage\":\"fr-FR\"}]}<\/script>\n<!-- \/ Yoast SEO plugin. -->","yoast_head_json":{"title":"Travailleurs migrants - Niagara Community Legal Clinic - Clinique juridique communautaire de Niagara","robots":{"index":"noindex","follow":"follow","max-snippet":"max-snippet:-1","max-image-preview":"max-image-preview:large","max-video-preview":"max-video-preview:-1"},"og_locale":"fr_FR","og_type":"article","og_title":"Travailleurs migrants - Niagara Community Legal Clinic - Clinique juridique communautaire de Niagara","og_description":"La Clinique juridique communautaire de Niagara offre divers services juridiques aux travailleurs agricoles migrants de notre r\u00e9gion. Nous apportons notre aide dans des domaines comme les pensions, l\u2019indemnisation des accident\u00e9s du travail, les droits \u00e0 l\u2019emploi et les droits de la personne. De fa\u00e7on limit\u00e9e, nous sommes \u00e9galement en mesure de fournir des renseignements et du soutien li\u00e9s au droit de l\u2019immigration.","og_url":"https:\/\/devel.niagaracommunitylegalclinic.com\/fr\/justice-communautaire\/travailleurs-migrants\/","og_site_name":"Niagara Community Legal Clinic - Clinique juridique communautaire de Niagara","article_modified_time":"2025-07-16T12:00:00+00:00","twitter_card":"summary_large_image","twitter_misc":{"Dur\u00e9e de lecture estim\u00e9e":"1 minute"},"schema":{"@context":"https:\/\/schema.org","@graph":[{"@type":"WebPage","@id":"https:\/\/devel.niagaracommunitylegalclinic.com\/fr\/justice-communautaire\/travailleurs-migrants\/","url":"https:\/\/devel.niagaracommunitylegalclinic.com\/fr\/justice-communautaire\/travailleurs-migrants\/","name":"Travailleurs migrants - Niagara Community Legal Clinic - Clinique juridique communautaire de Niagara","isPartOf":{"@id":"https:\/\/devel.niagaracommunitylegalclinic.com\/#website"},"datePublished":"2025-07-09T20:21:34+00:00","dateModified":"2025-07-16T12:00:00+00:00","breadcrumb":{"@id":"https:\/\/devel.niagaracommunitylegalclinic.com\/fr\/justice-communautaire\/travailleurs-migrants\/#breadcrumb"},"inLanguage":"fr-FR","potentialAction":[{"@type":"ReadAction","target":["https:\/\/devel.niagaracommunitylegalclinic.com\/fr\/justice-communautaire\/travailleurs-migrants\/"]}]},{"@type":"BreadcrumbList","@id":"https:\/\/devel.niagaracommunitylegalclinic.com\/fr\/justice-communautaire\/travailleurs-migrants\/#breadcrumb","itemListElement":[{"@type":"ListItem","position":1,"name":"Home","item":"https:\/\/devel.niagaracommunitylegalclinic.com\/fr\/"},{"@type":"ListItem","position":2,"name":"Justice communautaire","item":"https:\/\/devel.niagaracommunitylegalclinic.com\/fr\/justice-communautaire\/"},{"@type":"ListItem","position":3,"name":"Travailleurs migrants"}]},{"@type":"WebSite","@id":"https:\/\/devel.niagaracommunitylegalclinic.com\/#website","url":"https:\/\/devel.niagaracommunitylegalclinic.com\/","name":"CEO All Clinics","description":"","potentialAction":[{"@type":"SearchAction","target":{"@type":"EntryPoint","urlTemplate":"https:\/\/devel.niagaracommunitylegalclinic.com\/?s={search_term_string}"},"query-input":{"@type":"PropertyValueSpecification","valueRequired":true,"valueName":"search_term_string"}}],"inLanguage":"fr-FR"}]}},"_links":{"self":[{"href":"https:\/\/devel.niagaracommunitylegalclinic.com\/fr\/wp-json\/wp\/v2\/pages\/1567","targetHints":{"allow":["GET"]}}],"collection":[{"href":"https:\/\/devel.niagaracommunitylegalclinic.com\/fr\/wp-json\/wp\/v2\/pages"}],"about":[{"href":"https:\/\/devel.niagaracommunitylegalclinic.com\/fr\/wp-json\/wp\/v2\/types\/page"}],"author":[{"embeddable":true,"href":"https:\/\/devel.niagaracommunitylegalclinic.com\/fr\/wp-json\/wp\/v2\/users\/2"}],"replies":[{"embeddable":true,"href":"https:\/\/devel.niagaracommunitylegalclinic.com\/fr\/wp-json\/wp\/v2\/comments?post=1567"}],"version-history":[{"count":2,"href":"https:\/\/devel.niagaracommunitylegalclinic.com\/fr\/wp-json\/wp\/v2\/pages\/1567\/revisions"}],"predecessor-version":[{"id":1603,"href":"https:\/\/devel.niagaracommunitylegalclinic.com\/fr\/wp-json\/wp\/v2\/pages\/1567\/revisions\/1603"}],"up":[{"embeddable":true,"href":"https:\/\/devel.niagaracommunitylegalclinic.com\/fr\/wp-json\/wp\/v2\/pages\/1563"}],"wp:attachment":[{"href":"https:\/\/devel.niagaracommunitylegalclinic.com\/fr\/wp-json\/wp\/v2\/media?parent=1567"}],"curies":[{"name":"wp","href":"https:\/\/api.w.org\/{rel}","templated":true}]}}