{"id":1621,"date":"2026-02-04T05:53:49","date_gmt":"2026-02-04T10:53:49","guid":{"rendered":"https:\/\/devel.niagaracommunitylegalclinic.com\/?page_id=1621"},"modified":"2026-02-04T09:40:22","modified_gmt":"2026-02-04T14:40:22","slug":"obtenir-de-laide-juridique","status":"publish","type":"page","link":"https:\/\/devel.niagaracommunitylegalclinic.com\/fr\/obtenir-de-laide-juridique\/","title":{"rendered":"Obtenir de l&rsquo;aide juridique"},"content":{"rendered":"\n<p>Pour obtenir de l\u2019aide juridique, appelez le <a href=\"tel:9056826635\">905\u00a0682-6635<\/a>.<\/p>\n<p>Pour obtenir une aide imm\u00e9diate du lundi au jeudi de 8\u00a0h\u00a030 \u00e0 12\u00a0h et de 13\u00a0h \u00e0 16\u00a0h, ou le vendredi de 8\u00a0h\u00a030 \u00e0 midi.<\/p>\n<p>Vous pouvez \u00e9galement laisser un message sur notre bo\u00eete vocale \u00e0 ce poste et vous recevrez un appel le jour ouvrable suivant.<\/p>\n<p>Le personnel qui r\u00e9pond au t\u00e9l\u00e9phone peut vous aider tout au long du processus de r\u00e9ception des demandes. Afin de mieux vous pr\u00e9parer au processus, voici les questions auxquelles vous pouvez vous attendre\u00a0:<\/p>\n<ul>\n<li><strong>Votre nom complet<\/strong><\/li>\n<li><strong>Votre adresse<\/strong><\/li>\n<li><strong>Vos coordonn\u00e9es<\/strong> (num\u00e9ro de t\u00e9l\u00e9phone, adresse courriel ou autres moyens par lesquels nous pouvons vous joindre)<\/li>\n<li><strong>Y a-t-il une partie adverse<\/strong> (par exemple, un propri\u00e9taire s\u2019il s\u2019agit d\u2019un diff\u00e9rend concernant votre logement locatif)?<\/li>\n<li><strong>Si vous avez des d\u00e9lais \u00e0 respecter <\/strong>(p.\u00a0ex. r\u00e9ception d\u2019un avis d\u2019expulsion, etc.)<\/li>\n<\/ul>\n<p>On pourrait aussi vous demander de donner une br\u00e8ve description du probl\u00e8me au personnel. Aucun avis juridique ne sera donn\u00e9 pour le moment. La br\u00e8ve description ne vise qu\u2019\u00e0 fournir des renseignements au personnel juridique avant votre nomination.<\/p>\n<p>Vous aurez ensuite un rendez-vous pour parler avec le personnel juridique, en personne ou par t\u00e9l\u00e9phone. Vous pourrez prendre rendez-vous \u00e0 nos bureaux de Welland et de St. Catharines et \u00e0 nos bureaux satellites \u00e0 Niagara Falls, Beamsville, Grimsby, Port Colborne, Thorold, Crystal Beach et Fort Erie. Les indications pour vous rendre au lieu de votre rendez-vous vous seront fournies avec la date et l\u2019heure de celui-ci.<\/p>\n<p>Si un rendez-vous avec notre personnel juridique n\u2019est pas n\u00e9cessaire, une recommandation appropri\u00e9e sera faite \u00e0 ce moment.<\/p>\n<p>\u00a0<\/p>\n","protected":false},"excerpt":{"rendered":"<p>Pour obtenir de l\u2019aide juridique, appelez le <a href=\"tel:9056826635\">905\u00a0682-6635<\/a>.<br \/>\nPour obtenir une aide imm\u00e9diate du lundi au jeudi de 8\u00a0h\u00a030 \u00e0 12\u00a0h et de 13\u00a0h \u00e0 16\u00a0h, ou le vendredi de 8\u00a0h\u00a030 \u00e0 midi.<br \/>\nVous pouvez \u00e9galement laisser un message sur notre bo\u00eete vocale \u00e0 ce poste et vous recevrez un appel le jour ouvrable suivant.<\/p>\n","protected":false},"author":2,"featured_media":0,"parent":0,"menu_order":0,"comment_status":"closed","ping_status":"closed","template":"","meta":{"_bbp_topic_count":0,"_bbp_reply_count":0,"_bbp_total_topic_count":0,"_bbp_total_reply_count":0,"_bbp_voice_count":0,"_bbp_anonymous_reply_count":0,"_bbp_topic_count_hidden":0,"_bbp_reply_count_hidden":0,"_bbp_forum_subforum_count":0,"footnotes":""},"class_list":["post-1621","page","type-page","status-publish","hentry"],"yoast_head":"<!-- This site is optimized with the Yoast SEO plugin v24.3 - https:\/\/yoast.com\/wordpress\/plugins\/seo\/ -->\n<title>Obtenir de l&#039;aide juridique - Niagara Community Legal Clinic - Clinique juridique communautaire de Niagara<\/title>\n<meta name=\"robots\" content=\"noindex, follow, max-snippet:-1, max-image-preview:large, max-video-preview:-1\" \/>\n<meta property=\"og:locale\" content=\"fr_FR\" \/>\n<meta property=\"og:type\" content=\"article\" \/>\n<meta property=\"og:title\" content=\"Obtenir de l&#039;aide juridique - Niagara Community Legal Clinic - Clinique juridique communautaire de Niagara\" \/>\n<meta property=\"og:description\" content=\"Pour obtenir de l\u2019aide juridique, appelez le 905\u00a0682-6635. Pour obtenir une aide imm\u00e9diate du lundi au jeudi de 8\u00a0h\u00a030 \u00e0 12\u00a0h et de 13\u00a0h \u00e0 16\u00a0h, ou le vendredi de 8\u00a0h\u00a030 \u00e0 midi. Vous pouvez \u00e9galement laisser un message sur notre bo\u00eete vocale \u00e0 ce poste et vous recevrez un appel le jour ouvrable suivant.\" \/>\n<meta property=\"og:url\" content=\"https:\/\/devel.niagaracommunitylegalclinic.com\/fr\/obtenir-de-laide-juridique\/\" \/>\n<meta property=\"og:site_name\" content=\"Niagara Community Legal Clinic - Clinique juridique communautaire de Niagara\" \/>\n<meta property=\"article:modified_time\" content=\"2026-02-04T14:40:22+00:00\" \/>\n<meta name=\"twitter:card\" content=\"summary_large_image\" \/>\n<meta name=\"twitter:label1\" content=\"Dur\u00e9e de lecture estim\u00e9e\" \/>\n\t<meta name=\"twitter:data1\" content=\"2 minutes\" \/>\n<script type=\"application\/ld+json\" class=\"yoast-schema-graph\">{\"@context\":\"https:\/\/schema.org\",\"@graph\":[{\"@type\":\"WebPage\",\"@id\":\"https:\/\/devel.niagaracommunitylegalclinic.com\/fr\/obtenir-de-laide-juridique\/\",\"url\":\"https:\/\/devel.niagaracommunitylegalclinic.com\/fr\/obtenir-de-laide-juridique\/\",\"name\":\"Obtenir de l'aide juridique - Niagara Community Legal Clinic - Clinique juridique communautaire de Niagara\",\"isPartOf\":{\"@id\":\"https:\/\/devel.niagaracommunitylegalclinic.com\/#website\"},\"datePublished\":\"2026-02-04T10:53:49+00:00\",\"dateModified\":\"2026-02-04T14:40:22+00:00\",\"breadcrumb\":{\"@id\":\"https:\/\/devel.niagaracommunitylegalclinic.com\/fr\/obtenir-de-laide-juridique\/#breadcrumb\"},\"inLanguage\":\"fr-FR\",\"potentialAction\":[{\"@type\":\"ReadAction\",\"target\":[\"https:\/\/devel.niagaracommunitylegalclinic.com\/fr\/obtenir-de-laide-juridique\/\"]}]},{\"@type\":\"BreadcrumbList\",\"@id\":\"https:\/\/devel.niagaracommunitylegalclinic.com\/fr\/obtenir-de-laide-juridique\/#breadcrumb\",\"itemListElement\":[{\"@type\":\"ListItem\",\"position\":1,\"name\":\"Home\",\"item\":\"https:\/\/devel.niagaracommunitylegalclinic.com\/fr\/\"},{\"@type\":\"ListItem\",\"position\":2,\"name\":\"Obtenir de l&#8217;aide juridique\"}]},{\"@type\":\"WebSite\",\"@id\":\"https:\/\/devel.niagaracommunitylegalclinic.com\/#website\",\"url\":\"https:\/\/devel.niagaracommunitylegalclinic.com\/\",\"name\":\"CEO All Clinics\",\"description\":\"\",\"potentialAction\":[{\"@type\":\"SearchAction\",\"target\":{\"@type\":\"EntryPoint\",\"urlTemplate\":\"https:\/\/devel.niagaracommunitylegalclinic.com\/?s={search_term_string}\"},\"query-input\":{\"@type\":\"PropertyValueSpecification\",\"valueRequired\":true,\"valueName\":\"search_term_string\"}}],\"inLanguage\":\"fr-FR\"}]}<\/script>\n<!-- \/ Yoast SEO plugin. -->","yoast_head_json":{"title":"Obtenir de l'aide juridique - Niagara Community Legal Clinic - Clinique juridique communautaire de Niagara","robots":{"index":"noindex","follow":"follow","max-snippet":"max-snippet:-1","max-image-preview":"max-image-preview:large","max-video-preview":"max-video-preview:-1"},"og_locale":"fr_FR","og_type":"article","og_title":"Obtenir de l'aide juridique - Niagara Community Legal Clinic - Clinique juridique communautaire de Niagara","og_description":"Pour obtenir de l\u2019aide juridique, appelez le 905\u00a0682-6635. Pour obtenir une aide imm\u00e9diate du lundi au jeudi de 8\u00a0h\u00a030 \u00e0 12\u00a0h et de 13\u00a0h \u00e0 16\u00a0h, ou le vendredi de 8\u00a0h\u00a030 \u00e0 midi. Vous pouvez \u00e9galement laisser un message sur notre bo\u00eete vocale \u00e0 ce poste et vous recevrez un appel le jour ouvrable suivant.","og_url":"https:\/\/devel.niagaracommunitylegalclinic.com\/fr\/obtenir-de-laide-juridique\/","og_site_name":"Niagara Community Legal Clinic - Clinique juridique communautaire de Niagara","article_modified_time":"2026-02-04T14:40:22+00:00","twitter_card":"summary_large_image","twitter_misc":{"Dur\u00e9e de lecture estim\u00e9e":"2 minutes"},"schema":{"@context":"https:\/\/schema.org","@graph":[{"@type":"WebPage","@id":"https:\/\/devel.niagaracommunitylegalclinic.com\/fr\/obtenir-de-laide-juridique\/","url":"https:\/\/devel.niagaracommunitylegalclinic.com\/fr\/obtenir-de-laide-juridique\/","name":"Obtenir de l'aide juridique - Niagara Community Legal Clinic - Clinique juridique communautaire de Niagara","isPartOf":{"@id":"https:\/\/devel.niagaracommunitylegalclinic.com\/#website"},"datePublished":"2026-02-04T10:53:49+00:00","dateModified":"2026-02-04T14:40:22+00:00","breadcrumb":{"@id":"https:\/\/devel.niagaracommunitylegalclinic.com\/fr\/obtenir-de-laide-juridique\/#breadcrumb"},"inLanguage":"fr-FR","potentialAction":[{"@type":"ReadAction","target":["https:\/\/devel.niagaracommunitylegalclinic.com\/fr\/obtenir-de-laide-juridique\/"]}]},{"@type":"BreadcrumbList","@id":"https:\/\/devel.niagaracommunitylegalclinic.com\/fr\/obtenir-de-laide-juridique\/#breadcrumb","itemListElement":[{"@type":"ListItem","position":1,"name":"Home","item":"https:\/\/devel.niagaracommunitylegalclinic.com\/fr\/"},{"@type":"ListItem","position":2,"name":"Obtenir de l&#8217;aide juridique"}]},{"@type":"WebSite","@id":"https:\/\/devel.niagaracommunitylegalclinic.com\/#website","url":"https:\/\/devel.niagaracommunitylegalclinic.com\/","name":"CEO All Clinics","description":"","potentialAction":[{"@type":"SearchAction","target":{"@type":"EntryPoint","urlTemplate":"https:\/\/devel.niagaracommunitylegalclinic.com\/?s={search_term_string}"},"query-input":{"@type":"PropertyValueSpecification","valueRequired":true,"valueName":"search_term_string"}}],"inLanguage":"fr-FR"}]}},"_links":{"self":[{"href":"https:\/\/devel.niagaracommunitylegalclinic.com\/fr\/wp-json\/wp\/v2\/pages\/1621","targetHints":{"allow":["GET"]}}],"collection":[{"href":"https:\/\/devel.niagaracommunitylegalclinic.com\/fr\/wp-json\/wp\/v2\/pages"}],"about":[{"href":"https:\/\/devel.niagaracommunitylegalclinic.com\/fr\/wp-json\/wp\/v2\/types\/page"}],"author":[{"embeddable":true,"href":"https:\/\/devel.niagaracommunitylegalclinic.com\/fr\/wp-json\/wp\/v2\/users\/2"}],"replies":[{"embeddable":true,"href":"https:\/\/devel.niagaracommunitylegalclinic.com\/fr\/wp-json\/wp\/v2\/comments?post=1621"}],"version-history":[{"count":2,"href":"https:\/\/devel.niagaracommunitylegalclinic.com\/fr\/wp-json\/wp\/v2\/pages\/1621\/revisions"}],"predecessor-version":[{"id":1630,"href":"https:\/\/devel.niagaracommunitylegalclinic.com\/fr\/wp-json\/wp\/v2\/pages\/1621\/revisions\/1630"}],"wp:attachment":[{"href":"https:\/\/devel.niagaracommunitylegalclinic.com\/fr\/wp-json\/wp\/v2\/media?parent=1621"}],"curies":[{"name":"wp","href":"https:\/\/api.w.org\/{rel}","templated":true}]}}