{"id":1624,"date":"2026-02-04T06:12:18","date_gmt":"2026-02-04T11:12:18","guid":{"rendered":"https:\/\/devel.niagaracommunitylegalclinic.com\/?page_id=1624"},"modified":"2026-02-04T09:41:36","modified_gmt":"2026-02-04T14:41:36","slug":"declaration-sur-la-securite-de-la-clinique","status":"publish","type":"page","link":"https:\/\/devel.niagaracommunitylegalclinic.com\/fr\/declaration-sur-la-securite-de-la-clinique\/","title":{"rendered":"D\u00e9claration sur la s\u00e9curit\u00e9 de la clinique"},"content":{"rendered":"\n<p>Aidez-nous \u00e0 faire de notre clinique un lieu de gentillesse et de respect.<\/p>\n<p>Nous nous soucions de vous et de notre personnel.<\/p>\n<p>Nous nous attendons \u00e0 ce que vous vous absteniez de tout comportement abusif, notamment\u00a0:<\/p>\n<ul>\n<li>le harc\u00e8lement verbal;<\/li>\n<li>les propos racistes;<\/li>\n<li>le langage offensant;<\/li>\n<li>le harc\u00e8lement sexuel.<\/li>\n<\/ul>\n<p>Veuillez noter que nous avons le droit l\u00e9gal de mettre fin au service en cas d\u2019abus.<\/p>\n","protected":false},"excerpt":{"rendered":"<p>Aidez-nous \u00e0 faire de notre clinique un lieu de gentillesse et de respect.<br \/>\nNous nous soucions de vous et de notre personnel.<br \/>\nNous nous attendons \u00e0 ce que vous vous absteniez de tout comportement abusif, notamment\u00a0:<\/p>\n<p>le harc\u00e8lement verbal;<br \/>\nles propos racistes;<br \/>\nle langage offensant;<br \/>\nle harc\u00e8lement sexuel.<\/p>\n<p>Veuillez noter que nous avons le droit l\u00e9gal de mettre fin au service en cas d\u2019abus.<\/p>\n","protected":false},"author":2,"featured_media":0,"parent":0,"menu_order":0,"comment_status":"closed","ping_status":"closed","template":"","meta":{"_bbp_topic_count":0,"_bbp_reply_count":0,"_bbp_total_topic_count":0,"_bbp_total_reply_count":0,"_bbp_voice_count":0,"_bbp_anonymous_reply_count":0,"_bbp_topic_count_hidden":0,"_bbp_reply_count_hidden":0,"_bbp_forum_subforum_count":0,"footnotes":""},"class_list":["post-1624","page","type-page","status-publish","hentry"],"yoast_head":"<!-- This site is optimized with the Yoast SEO plugin v24.3 - https:\/\/yoast.com\/wordpress\/plugins\/seo\/ -->\n<title>D\u00e9claration sur la s\u00e9curit\u00e9 de la clinique - Niagara Community Legal Clinic - Clinique juridique communautaire de Niagara<\/title>\n<meta name=\"robots\" content=\"noindex, follow, max-snippet:-1, max-image-preview:large, max-video-preview:-1\" \/>\n<meta property=\"og:locale\" content=\"fr_FR\" \/>\n<meta property=\"og:type\" content=\"article\" \/>\n<meta property=\"og:title\" content=\"D\u00e9claration sur la s\u00e9curit\u00e9 de la clinique - Niagara Community Legal Clinic - Clinique juridique communautaire de Niagara\" \/>\n<meta property=\"og:description\" content=\"Aidez-nous \u00e0 faire de notre clinique un lieu de gentillesse et de respect. Nous nous soucions de vous et de notre personnel. Nous nous attendons \u00e0 ce que vous vous absteniez de tout comportement abusif, notamment\u00a0: le harc\u00e8lement verbal; les propos racistes; le langage offensant; le harc\u00e8lement sexuel. Veuillez noter que nous avons le droit l\u00e9gal de mettre fin au service en cas d\u2019abus.\" \/>\n<meta property=\"og:url\" content=\"https:\/\/devel.niagaracommunitylegalclinic.com\/fr\/declaration-sur-la-securite-de-la-clinique\/\" \/>\n<meta property=\"og:site_name\" content=\"Niagara Community Legal Clinic - Clinique juridique communautaire de Niagara\" \/>\n<meta property=\"article:modified_time\" content=\"2026-02-04T14:41:36+00:00\" \/>\n<meta name=\"twitter:card\" content=\"summary_large_image\" \/>\n<meta name=\"twitter:label1\" content=\"Dur\u00e9e de lecture estim\u00e9e\" \/>\n\t<meta name=\"twitter:data1\" content=\"1 minute\" \/>\n<script type=\"application\/ld+json\" class=\"yoast-schema-graph\">{\"@context\":\"https:\/\/schema.org\",\"@graph\":[{\"@type\":\"WebPage\",\"@id\":\"https:\/\/devel.niagaracommunitylegalclinic.com\/fr\/declaration-sur-la-securite-de-la-clinique\/\",\"url\":\"https:\/\/devel.niagaracommunitylegalclinic.com\/fr\/declaration-sur-la-securite-de-la-clinique\/\",\"name\":\"D\u00e9claration sur la s\u00e9curit\u00e9 de la clinique - Niagara Community Legal Clinic - Clinique juridique communautaire de Niagara\",\"isPartOf\":{\"@id\":\"https:\/\/devel.niagaracommunitylegalclinic.com\/#website\"},\"datePublished\":\"2026-02-04T11:12:18+00:00\",\"dateModified\":\"2026-02-04T14:41:36+00:00\",\"breadcrumb\":{\"@id\":\"https:\/\/devel.niagaracommunitylegalclinic.com\/fr\/declaration-sur-la-securite-de-la-clinique\/#breadcrumb\"},\"inLanguage\":\"fr-FR\",\"potentialAction\":[{\"@type\":\"ReadAction\",\"target\":[\"https:\/\/devel.niagaracommunitylegalclinic.com\/fr\/declaration-sur-la-securite-de-la-clinique\/\"]}]},{\"@type\":\"BreadcrumbList\",\"@id\":\"https:\/\/devel.niagaracommunitylegalclinic.com\/fr\/declaration-sur-la-securite-de-la-clinique\/#breadcrumb\",\"itemListElement\":[{\"@type\":\"ListItem\",\"position\":1,\"name\":\"Home\",\"item\":\"https:\/\/devel.niagaracommunitylegalclinic.com\/fr\/\"},{\"@type\":\"ListItem\",\"position\":2,\"name\":\"D\u00e9claration sur la s\u00e9curit\u00e9 de la clinique\"}]},{\"@type\":\"WebSite\",\"@id\":\"https:\/\/devel.niagaracommunitylegalclinic.com\/#website\",\"url\":\"https:\/\/devel.niagaracommunitylegalclinic.com\/\",\"name\":\"CEO All Clinics\",\"description\":\"\",\"potentialAction\":[{\"@type\":\"SearchAction\",\"target\":{\"@type\":\"EntryPoint\",\"urlTemplate\":\"https:\/\/devel.niagaracommunitylegalclinic.com\/?s={search_term_string}\"},\"query-input\":{\"@type\":\"PropertyValueSpecification\",\"valueRequired\":true,\"valueName\":\"search_term_string\"}}],\"inLanguage\":\"fr-FR\"}]}<\/script>\n<!-- \/ Yoast SEO plugin. -->","yoast_head_json":{"title":"D\u00e9claration sur la s\u00e9curit\u00e9 de la clinique - Niagara Community Legal Clinic - Clinique juridique communautaire de Niagara","robots":{"index":"noindex","follow":"follow","max-snippet":"max-snippet:-1","max-image-preview":"max-image-preview:large","max-video-preview":"max-video-preview:-1"},"og_locale":"fr_FR","og_type":"article","og_title":"D\u00e9claration sur la s\u00e9curit\u00e9 de la clinique - Niagara Community Legal Clinic - Clinique juridique communautaire de Niagara","og_description":"Aidez-nous \u00e0 faire de notre clinique un lieu de gentillesse et de respect. Nous nous soucions de vous et de notre personnel. Nous nous attendons \u00e0 ce que vous vous absteniez de tout comportement abusif, notamment\u00a0: le harc\u00e8lement verbal; les propos racistes; le langage offensant; le harc\u00e8lement sexuel. Veuillez noter que nous avons le droit l\u00e9gal de mettre fin au service en cas d\u2019abus.","og_url":"https:\/\/devel.niagaracommunitylegalclinic.com\/fr\/declaration-sur-la-securite-de-la-clinique\/","og_site_name":"Niagara Community Legal Clinic - Clinique juridique communautaire de Niagara","article_modified_time":"2026-02-04T14:41:36+00:00","twitter_card":"summary_large_image","twitter_misc":{"Dur\u00e9e de lecture estim\u00e9e":"1 minute"},"schema":{"@context":"https:\/\/schema.org","@graph":[{"@type":"WebPage","@id":"https:\/\/devel.niagaracommunitylegalclinic.com\/fr\/declaration-sur-la-securite-de-la-clinique\/","url":"https:\/\/devel.niagaracommunitylegalclinic.com\/fr\/declaration-sur-la-securite-de-la-clinique\/","name":"D\u00e9claration sur la s\u00e9curit\u00e9 de la clinique - Niagara Community Legal Clinic - Clinique juridique communautaire de Niagara","isPartOf":{"@id":"https:\/\/devel.niagaracommunitylegalclinic.com\/#website"},"datePublished":"2026-02-04T11:12:18+00:00","dateModified":"2026-02-04T14:41:36+00:00","breadcrumb":{"@id":"https:\/\/devel.niagaracommunitylegalclinic.com\/fr\/declaration-sur-la-securite-de-la-clinique\/#breadcrumb"},"inLanguage":"fr-FR","potentialAction":[{"@type":"ReadAction","target":["https:\/\/devel.niagaracommunitylegalclinic.com\/fr\/declaration-sur-la-securite-de-la-clinique\/"]}]},{"@type":"BreadcrumbList","@id":"https:\/\/devel.niagaracommunitylegalclinic.com\/fr\/declaration-sur-la-securite-de-la-clinique\/#breadcrumb","itemListElement":[{"@type":"ListItem","position":1,"name":"Home","item":"https:\/\/devel.niagaracommunitylegalclinic.com\/fr\/"},{"@type":"ListItem","position":2,"name":"D\u00e9claration sur la s\u00e9curit\u00e9 de la clinique"}]},{"@type":"WebSite","@id":"https:\/\/devel.niagaracommunitylegalclinic.com\/#website","url":"https:\/\/devel.niagaracommunitylegalclinic.com\/","name":"CEO All Clinics","description":"","potentialAction":[{"@type":"SearchAction","target":{"@type":"EntryPoint","urlTemplate":"https:\/\/devel.niagaracommunitylegalclinic.com\/?s={search_term_string}"},"query-input":{"@type":"PropertyValueSpecification","valueRequired":true,"valueName":"search_term_string"}}],"inLanguage":"fr-FR"}]}},"_links":{"self":[{"href":"https:\/\/devel.niagaracommunitylegalclinic.com\/fr\/wp-json\/wp\/v2\/pages\/1624","targetHints":{"allow":["GET"]}}],"collection":[{"href":"https:\/\/devel.niagaracommunitylegalclinic.com\/fr\/wp-json\/wp\/v2\/pages"}],"about":[{"href":"https:\/\/devel.niagaracommunitylegalclinic.com\/fr\/wp-json\/wp\/v2\/types\/page"}],"author":[{"embeddable":true,"href":"https:\/\/devel.niagaracommunitylegalclinic.com\/fr\/wp-json\/wp\/v2\/users\/2"}],"replies":[{"embeddable":true,"href":"https:\/\/devel.niagaracommunitylegalclinic.com\/fr\/wp-json\/wp\/v2\/comments?post=1624"}],"version-history":[{"count":2,"href":"https:\/\/devel.niagaracommunitylegalclinic.com\/fr\/wp-json\/wp\/v2\/pages\/1624\/revisions"}],"predecessor-version":[{"id":1631,"href":"https:\/\/devel.niagaracommunitylegalclinic.com\/fr\/wp-json\/wp\/v2\/pages\/1624\/revisions\/1631"}],"wp:attachment":[{"href":"https:\/\/devel.niagaracommunitylegalclinic.com\/fr\/wp-json\/wp\/v2\/media?parent=1624"}],"curies":[{"name":"wp","href":"https:\/\/api.w.org\/{rel}","templated":true}]}}